{"id":1415,"date":"2023-12-14T12:05:35","date_gmt":"2023-12-14T09:05:35","guid":{"rendered":"https:\/\/akinhairtransplant.com\/?page_id=1415"},"modified":"2023-12-14T12:06:40","modified_gmt":"2023-12-14T09:06:40","slug":"dhi-sac-ekimi","status":"publish","type":"page","link":"https:\/\/akinhairtransplant.com\/?page_id=1415","title":{"rendered":"DHI Sa\u00e7 Ekimi"},"content":{"rendered":"\t\t<div data-elementor-type=\"wp-page\" data-elementor-id=\"1415\" class=\"elementor elementor-1415\" data-elementor-settings=\"{&quot;ha_cmc_init_switcher&quot;:&quot;no&quot;}\">\n\t\t\t\t<div class=\"elementor-element elementor-element-1b6161c e-flex e-con-boxed e-con e-parent\" data-id=\"1b6161c\" data-element_type=\"container\" data-settings=\"{&quot;background_background&quot;:&quot;classic&quot;,&quot;_ha_eqh_enable&quot;:false}\">\n\t\t\t\t\t<div class=\"e-con-inner\">\n\t\t<div class=\"elementor-element elementor-element-a621323 e-con-full e-flex e-con e-child\" data-id=\"a621323\" data-element_type=\"container\" data-settings=\"{&quot;_ha_eqh_enable&quot;:false}\">\n\t\t\t\t<div class=\"elementor-element elementor-element-2ff45f2 elementor-widget elementor-widget-heading\" data-id=\"2ff45f2\" data-element_type=\"widget\" data-widget_type=\"heading.default\">\n\t\t\t\t<div class=\"elementor-widget-container\">\n\t\t\t\t\t<h2 class=\"elementor-heading-title elementor-size-default\">DHI Sa\u00e7 Ekimi<\/h2>\t\t\t\t<\/div>\n\t\t\t\t<\/div>\n\t\t\t\t<\/div>\n\t\t\t\t\t<\/div>\n\t\t\t\t<\/div>\n\t\t\t\t<section class=\"elementor-section elementor-top-section elementor-element elementor-element-0wpzcdl elementor-section-content-middle elementor-section-boxed elementor-section-height-default elementor-section-height-default\" data-id=\"0wpzcdl\" data-element_type=\"section\" data-settings=\"{&quot;background_background&quot;:&quot;classic&quot;,&quot;_ha_eqh_enable&quot;:false}\">\n\t\t\t\t\t\t<div class=\"elementor-container elementor-column-gap-no\">\n\t\t\t\t\t<div class=\"elementor-column elementor-col-50 elementor-top-column elementor-element elementor-element-ca44c59\" data-id=\"ca44c59\" data-element_type=\"column\" data-settings=\"{&quot;background_background&quot;:&quot;classic&quot;}\">\n\t\t\t<div class=\"elementor-widget-wrap elementor-element-populated\">\n\t\t\t\t\t\t<div class=\"elementor-element elementor-element-7e01216 elementor-widget elementor-widget-image\" data-id=\"7e01216\" data-element_type=\"widget\" data-widget_type=\"image.default\">\n\t\t\t\t<div class=\"elementor-widget-container\">\n\t\t\t\t\t\t\t\t\t\t\t\t\t\t\t<img fetchpriority=\"high\" decoding=\"async\" width=\"480\" height=\"640\" src=\"https:\/\/akinhairtransplant.com\/wp-content\/uploads\/2023\/12\/dhi.jpg\" class=\"attachment-full size-full wp-image-1417\" alt=\"\" srcset=\"https:\/\/akinhairtransplant.com\/wp-content\/uploads\/2023\/12\/dhi.jpg 480w, https:\/\/akinhairtransplant.com\/wp-content\/uploads\/2023\/12\/dhi-225x300.jpg 225w\" sizes=\"(max-width: 480px) 100vw, 480px\" \/>\t\t\t\t\t\t\t\t\t\t\t\t\t\t\t<\/div>\n\t\t\t\t<\/div>\n\t\t\t\t\t<\/div>\n\t\t<\/div>\n\t\t\t\t<div class=\"elementor-column elementor-col-50 elementor-top-column elementor-element elementor-element-258231d\" data-id=\"258231d\" data-element_type=\"column\">\n\t\t\t<div class=\"elementor-widget-wrap elementor-element-populated\">\n\t\t\t\t\t\t<div class=\"elementor-element elementor-element-4f6265e elementor-widget elementor-widget-text-editor\" data-id=\"4f6265e\" data-element_type=\"widget\" data-widget_type=\"text-editor.default\">\n\t\t\t\t<div class=\"elementor-widget-container\">\n\t\t\t\t\t\t\t\t\t<div class=\"layoutArea\"><div class=\"column\"><p>DHI (Direct Hair Implant) yo\u0308ntemi, kanal ac\u0327madan ekim yapmaya imka\u0302n verdig\u0306i ic\u0327in avantajlar\u0131 bulunan bir sac\u0327 ekimi teknig\u0306idir.<\/p><p>Kanal ac\u0327ma ve Ekim is\u0327lemi ayn\u0131 anda yap\u0131ld\u0131g\u0306\u0131 ic\u0327in operasyon su\u0308reci hasta ac\u0327\u0131s\u0131ndan daha konforlu ve rahat gec\u0327mektedir.<\/p><p>I\u0307s\u0327lem esnas\u0131nda eg\u0306er sac\u0327l\u0131 bo\u0308lgeye ekim yap\u0131l\u0131yorsa mevcut sac\u0327 ko\u0308klerine zarar vermeden sac\u0327 aralar\u0131ndaki bos\u0327luklara odaklanarak sac\u0327 ekimi yap\u0131lmaktad\u0131r.<\/p><p>DHI teknig\u0306i, uygulan\u0131rken sac\u0327lar u\u0308zerinde yo\u0308n ve ac\u0327\u0131 analizi yap\u0131lmaktad\u0131r. Bo\u0308ylece sac\u0327 ko\u0308klerinin hangi yo\u0308nde oldug\u0306u rahat bir s\u0327ekilde belirlenmis\u0327 olur.<\/p><p>DHI yo\u0308nteminde, Choi ismi verilen o\u0308zel kalemler ile sac\u0327\u0131n kal\u0131nl\u0131g\u0306\u0131na go\u0308re kanallar ac\u0327\u0131l\u0131r. Bu durum ise hasar\u0131 en minimum seviyeye c\u0327eker.<\/p><p>Bu yo\u0308ntemde daha az doku hasar\u0131 oldug\u0306u ic\u0327in hasta gu\u0308ndelik yas\u0327ant\u0131s\u0131na en k\u0131sa su\u0308rede do\u0308nebilmektedir.<\/p><\/div><\/div>\t\t\t\t\t\t\t\t<\/div>\n\t\t\t\t<\/div>\n\t\t\t\t<div class=\"elementor-element elementor-element-7a2d1e6 elementor-widget-divider--view-line elementor-widget elementor-widget-divider\" data-id=\"7a2d1e6\" data-element_type=\"widget\" data-widget_type=\"divider.default\">\n\t\t\t\t<div class=\"elementor-widget-container\">\n\t\t\t\t\t\t\t<div class=\"elementor-divider\">\n\t\t\t<span class=\"elementor-divider-separator\">\n\t\t\t\t\t\t<\/span>\n\t\t<\/div>\n\t\t\t\t\t\t<\/div>\n\t\t\t\t<\/div>\n\t\t\t\t\t<\/div>\n\t\t<\/div>\n\t\t\t\t\t<\/div>\n\t\t<\/section>\n\t\t<div class=\"elementor-element elementor-element-2afbb48 e-flex e-con-boxed e-con e-parent\" data-id=\"2afbb48\" data-element_type=\"container\" data-settings=\"{&quot;_ha_eqh_enable&quot;:false}\">\n\t\t\t\t\t<div class=\"e-con-inner\">\n\t\t\t\t<div class=\"elementor-element elementor-element-8123230 elementor-widget elementor-widget-text-editor\" data-id=\"8123230\" data-element_type=\"widget\" data-widget_type=\"text-editor.default\">\n\t\t\t\t<div class=\"elementor-widget-container\">\n\t\t\t\t\t\t\t\t\t<div class=\"section\"><div class=\"layoutArea\"><div class=\"column\"><div class=\"layoutArea\"><div class=\"column\"><h2>DHI Yo\u0308nteminin Uygulan\u0131s\u0327\u0131<\/h2><div class=\"page\" title=\"Page 2\"><div class=\"layoutArea\"><div class=\"column\"><p>Choi implanter kalemi ile gerc\u0327ekles\u0327tirilen bir sac\u0327 ekim operasyonunda toplanan sac\u0327 ko\u0308kleri kalemin ic\u0327ine birer birer yerles\u0327tirilir.Bu is\u0327lem yap\u0131l\u0131rken dikkat ve o\u0308zen gerektirir.Kalemin ic\u0327erisine yerles\u0327tirilen ko\u0308kler sac\u0327 ekimi uzmanlar\u0131 taraf\u0131ndan ekilir.<\/p><\/div><\/div><div class=\"layoutArea\"><div class=\"column\"><p>Bu as\u0327amada en uygun ac\u0327\u0131 ve yo\u0308n ile sac\u0327 ekimi is\u0327lemi gerc\u0327ekles\u0327tirilmis\u0327 olur. Operasyon an\u0131nda 2 ila 6 aras\u0131nda Choi kalemi ve 15-16 choi ucu kullan\u0131l\u0131r. Kalemlerin uc\u0327lar\u0131 farkl\u0131 o\u0308lc\u0327u\u0308lerde olabilir. Bunu belirleyecek fakto\u0308r kis\u0327inin sac\u0327 ko\u0308ku\u0308 ve kal\u0131nl\u0131k yap\u0131s\u0131d\u0131r.<\/p><\/div><\/div><div class=\"layoutArea\"><div class=\"column\"><h2>DHI Avantajlar\u0131<\/h2><ol><li>I\u0307s\u0327lem esnas\u0131nda ag\u0306r\u0131 s\u0131z\u0131 az yas\u0327and\u0131g\u0306\u0131 ic\u0327in konforlu bir yo\u0308ntemdir.<\/li><li>I\u0307yiles\u0327me su\u0308reci daha h\u0131zl\u0131 tamamlan\u0131r.<\/li><li>Kis\u0327i sac\u0327lar\u0131n\u0131 kestirmek istemedig\u0306i ic\u0327in bu yo\u0308ntemi tercih eder.<\/li><li>Kesi alan\u0131 dig\u0306er yo\u0308ntemlere go\u0308re daha az olacag\u0306\u0131 ic\u0327in kanama riskini en aza indirir.<div class=\"layoutArea\"><div class=\"column\"><h2>\u00a0<\/h2><h2>DHI Yo\u0308nteminin Dezavantajlar\u0131<\/h2><\/div><\/div><div class=\"section\"><div class=\"layoutArea\"><div class=\"column\"><p>C\u0327ok fazla ug\u0306ras\u0327 gerektirdig\u0306i ic\u0327in dig\u0306er yo\u0308ntemlere oranla pahal\u0131 olarak bilinmektedir.<br \/>Bu yo\u0308ntemi uygulayacak kis\u0327inin daha fazla dikkatli olmas\u0131 ve o\u0308zenli olmas\u0131 gerekmektedir. DHI teknig\u0306ini uygulayacak kis\u0327inin gerekli eg\u0306itim ve tecru\u0308beyi edinmis\u0327 olmas\u0131 gerekmektedir. DHI yo\u0308ntemi dig\u0306er yo\u0308ntemlere k\u0131yasla daha uzun su\u0308rmektedir.<\/p><h2>Kimler DHI Sac\u0327 Ekimi Tercih Etmeli<\/h2><p>DHI Yo\u0308ntemi, sac\u0327 ekimi yapt\u0131rmas\u0131na mani olan bir rahats\u0131zl\u0131g\u0306\u0131 bulunmayan, kad\u0131n ya da erkek herkese uygulanabilir. O\u0308zellikle sac\u0327 ekimi o\u0308ncesi sac\u0327 kalitesini artt\u0131rmak, sac\u0327\u0131 gu\u0308c\u0327lendirmek ya da sac\u0327 do\u0308ku\u0308lmesini durdurmak isteyen kis\u0327iler ic\u0327in oldukc\u0327a uygun bir tedavidir.<\/p><\/div><\/div><\/div><\/li><\/ol><\/div><\/div><\/div><\/div><\/div><\/div><\/div><\/div>\t\t\t\t\t\t\t\t<\/div>\n\t\t\t\t<\/div>\n\t\t\t\t\t<\/div>\n\t\t\t\t<\/div>\n\t\t<div class=\"elementor-element elementor-element-a89d8c5 e-con-full e-flex e-con e-parent\" data-id=\"a89d8c5\" data-element_type=\"container\" data-settings=\"{&quot;_ha_eqh_enable&quot;:false}\">\n\t\t<div class=\"elementor-element elementor-element-1763470 e-con-full e-flex e-con e-child\" data-id=\"1763470\" data-element_type=\"container\" data-settings=\"{&quot;background_background&quot;:&quot;classic&quot;,&quot;_ha_eqh_enable&quot;:false}\">\n\t\t<div class=\"elementor-element elementor-element-37dda71 e-con-full e-flex e-con e-child\" data-id=\"37dda71\" data-element_type=\"container\" data-settings=\"{&quot;_ha_eqh_enable&quot;:false}\">\n\t\t<div class=\"elementor-element elementor-element-79c73ab e-con-full e-flex e-con e-child\" data-id=\"79c73ab\" data-element_type=\"container\" data-settings=\"{&quot;_ha_eqh_enable&quot;:false}\">\n\t\t\t\t<div class=\"elementor-element elementor-element-293a88c elementor-widget elementor-widget-heading\" data-id=\"293a88c\" data-element_type=\"widget\" data-widget_type=\"heading.default\">\n\t\t\t\t<div class=\"elementor-widget-container\">\n\t\t\t\t\t<h2 class=\"elementor-heading-title elementor-size-default\">A\u011fr\u0131s\u0131z ve Tra\u015fs\u0131z Sa\u00e7 Ekimi \u0130\u00e7in Hemen Ba\u015fvur!<\/h2>\t\t\t\t<\/div>\n\t\t\t\t<\/div>\n\t\t\t\t<\/div>\n\t\t\t\t<\/div>\n\t\t\t\t<\/div>\n\t\t<div class=\"elementor-element elementor-element-9b8cf19 e-con-full e-flex e-con e-child\" data-id=\"9b8cf19\" data-element_type=\"container\" data-settings=\"{&quot;background_background&quot;:&quot;classic&quot;,&quot;_ha_eqh_enable&quot;:false}\">\n\t\t<div class=\"elementor-element elementor-element-e3c6aea e-con-full e-flex e-con e-child\" data-id=\"e3c6aea\" data-element_type=\"container\" data-settings=\"{&quot;_ha_eqh_enable&quot;:false}\">\n\t\t<div class=\"elementor-element elementor-element-b24a199 e-con-full e-flex e-con e-child\" data-id=\"b24a199\" data-element_type=\"container\" data-settings=\"{&quot;_ha_eqh_enable&quot;:false}\">\n\t\t\t\t<div class=\"elementor-element elementor-element-bc7b1fd elementor-widget elementor-widget-heading\" data-id=\"bc7b1fd\" data-element_type=\"widget\" data-widget_type=\"heading.default\">\n\t\t\t\t<div class=\"elementor-widget-container\">\n\t\t\t\t\t<h2 class=\"elementor-heading-title elementor-size-default\">Sohbete Ba\u015flay\u0131n!<\/h2>\t\t\t\t<\/div>\n\t\t\t\t<\/div>\n\t\t\t\t<div class=\"elementor-element elementor-element-1c8e862 elementor-widget elementor-widget-text-editor\" data-id=\"1c8e862\" data-element_type=\"widget\" data-widget_type=\"text-editor.default\">\n\t\t\t\t<div class=\"elementor-widget-container\">\n\t\t\t\t\t\t\t\t\t<div class=\"nta_wa_button\" data-id=\"1023\" data-info=\"{&quot;name&quot;:&quot;Ak\\u0131n Hairtransplant&quot;,&quot;info&quot;:{&quot;number&quot;:&quot;+905387444690&quot;,&quot;title&quot;:&quot;&quot;,&quot;predefinedText&quot;:&quot;&quot;,&quot;willBeBackText&quot;:&quot;I will be back in [njwa_time_work]&quot;,&quot;dayOffsText&quot;:&quot;I will be back soon&quot;,&quot;isAlwaysAvailable&quot;:&quot;ON&quot;,&quot;daysOfWeekWorking&quot;:{&quot;sunday&quot;:{&quot;isWorkingOnDay&quot;:&quot;OFF&quot;,&quot;workHours&quot;:[{&quot;startTime&quot;:&quot;08:00&quot;,&quot;endTime&quot;:&quot;17:30&quot;}]},&quot;monday&quot;:{&quot;isWorkingOnDay&quot;:&quot;OFF&quot;,&quot;workHours&quot;:[{&quot;startTime&quot;:&quot;08:00&quot;,&quot;endTime&quot;:&quot;17:30&quot;}]},&quot;tuesday&quot;:{&quot;isWorkingOnDay&quot;:&quot;OFF&quot;,&quot;workHours&quot;:[{&quot;startTime&quot;:&quot;08:00&quot;,&quot;endTime&quot;:&quot;17:30&quot;}]},&quot;wednesday&quot;:{&quot;isWorkingOnDay&quot;:&quot;OFF&quot;,&quot;workHours&quot;:[{&quot;startTime&quot;:&quot;08:00&quot;,&quot;endTime&quot;:&quot;17:30&quot;}]},&quot;thursday&quot;:{&quot;isWorkingOnDay&quot;:&quot;OFF&quot;,&quot;workHours&quot;:[{&quot;startTime&quot;:&quot;08:00&quot;,&quot;endTime&quot;:&quot;17:30&quot;}]},&quot;friday&quot;:{&quot;isWorkingOnDay&quot;:&quot;OFF&quot;,&quot;workHours&quot;:[{&quot;startTime&quot;:&quot;08:00&quot;,&quot;endTime&quot;:&quot;17:30&quot;}]},&quot;saturday&quot;:{&quot;isWorkingOnDay&quot;:&quot;OFF&quot;,&quot;workHours&quot;:[{&quot;startTime&quot;:&quot;08:00&quot;,&quot;endTime&quot;:&quot;17:30&quot;}]}}},&quot;styles&quot;:{&quot;type&quot;:&quot;round&quot;,&quot;backgroundColor&quot;:&quot;#2DB742&quot;,&quot;textColor&quot;:&quot;#fff&quot;,&quot;label&quot;:&quot;Need Help? Chat with us&quot;,&quot;width&quot;:300,&quot;height&quot;:64},&quot;avatar&quot;:false,&quot;options&quot;:{&quot;display&quot;:{&quot;displayCondition&quot;:&quot;showAllPage&quot;,&quot;includePages&quot;:[],&quot;excludePages&quot;:[],&quot;includePosts&quot;:[],&quot;showOnDesktop&quot;:&quot;ON&quot;,&quot;showOnMobile&quot;:&quot;ON&quot;,&quot;time_symbols&quot;:&quot;h:m&quot;},&quot;styles&quot;:{&quot;title&quot;:&quot;Start a Conversation&quot;,&quot;responseText&quot;:&quot;The team typically replies in a few minutes.&quot;,&quot;description&quot;:&quot;Hi! Click one of our member below to chat on &lt;strong&gt;WhatsApp&lt;\\\/strong&gt;&quot;,&quot;backgroundColor&quot;:&quot;#2db742&quot;,&quot;textColor&quot;:&quot;#fff&quot;,&quot;titleSize&quot;:18,&quot;accountNameSize&quot;:14,&quot;descriptionTextSize&quot;:12,&quot;regularTextSize&quot;:11,&quot;scrollHeight&quot;:&quot;500&quot;,&quot;isShowScroll&quot;:&quot;OFF&quot;,&quot;isShowResponseText&quot;:&quot;OFF&quot;,&quot;isShowPoweredBy&quot;:&quot;ON&quot;,&quot;btnLabel&quot;:&quot;&quot;,&quot;btnLabelWidth&quot;:&quot;156&quot;,&quot;btnPosition&quot;:&quot;right&quot;,&quot;btnLeftDistance&quot;:&quot;30&quot;,&quot;btnRightDistance&quot;:&quot;30&quot;,&quot;btnBottomDistance&quot;:&quot;30&quot;,&quot;isShowBtnLabel&quot;:&quot;OFF&quot;,&quot;isShowGDPR&quot;:&quot;OFF&quot;,&quot;gdprContent&quot;:&quot;Please accept our &lt;a href=\\&quot;https:\\\/\\\/ninjateam.org\\\/privacy-policy\\\/\\&quot;&gt;privacy policy&lt;\\\/a&gt; first to start a conversation.&quot;},&quot;analytics&quot;:{&quot;enabledGoogle&quot;:&quot;OFF&quot;,&quot;enabledFacebook&quot;:&quot;OFF&quot;,&quot;enabledGoogleGA4&quot;:&quot;OFF&quot;}},&quot;gdprStatus&quot;:false,&quot;defaultAvatar&quot;:&quot;https:\\\/\\\/akinhairtransplant.com\\\/wp-content\\\/plugins\\\/wp-whatsapp\\\/assets\\\/img\\\/whatsapp_logo.svg&quot;}\"><\/div>\t\t\t\t\t\t\t\t<\/div>\n\t\t\t\t<\/div>\n\t\t\t\t<\/div>\n\t\t\t\t<\/div>\n\t\t\t\t<\/div>\n\t\t\t\t<\/div>\n\t\t\t\t<\/div>\n\t\t","protected":false},"excerpt":{"rendered":"<p>DHI Sa\u00e7 Ekimi DHI (Direct Hair Implant) yo\u0308ntemi, kanal ac\u0327madan ekim yapmaya imka\u0302n verdig\u0306i ic\u0327in avantajlar\u0131 bulunan bir sac\u0327 ekimi teknig\u0306idir. Kanal ac\u0327ma ve Ekim is\u0327lemi ayn\u0131 anda yap\u0131ld\u0131g\u0306\u0131 ic\u0327in operasyon su\u0308reci hasta ac\u0327\u0131s\u0131ndan daha konforlu ve rahat gec\u0327mektedir. I\u0307s\u0327lem esnas\u0131nda eg\u0306er sac\u0327l\u0131 bo\u0308lgeye ekim yap\u0131l\u0131yorsa mevcut sac\u0327 ko\u0308klerine zarar vermeden sac\u0327 aralar\u0131ndaki bos\u0327luklara odaklanarak [&hellip;]<\/p>\n","protected":false},"author":1,"featured_media":0,"parent":0,"menu_order":0,"comment_status":"closed","ping_status":"closed","template":"","meta":{"_uag_custom_page_level_css":"","site-sidebar-layout":"no-sidebar","site-content-layout":"page-builder","ast-site-content-layout":"","site-content-style":"default","site-sidebar-style":"default","ast-global-header-display":"","ast-banner-title-visibility":"","ast-main-header-display":"","ast-hfb-above-header-display":"","ast-hfb-below-header-display":"","ast-hfb-mobile-header-display":"","site-post-title":"disabled","ast-breadcrumbs-content":"disabled","ast-featured-img":"disabled","footer-sml-layout":"","theme-transparent-header-meta":"enabled","adv-header-id-meta":"","stick-header-meta":"","header-above-stick-meta":"","header-main-stick-meta":"","header-below-stick-meta":"","astra-migrate-meta-layouts":"default","ast-page-background-enabled":"default","ast-page-background-meta":{"desktop":{"background-color":"var(--ast-global-color-4)","background-image":"","background-repeat":"repeat","background-position":"center center","background-size":"auto","background-attachment":"scroll","background-type":"","background-media":"","overlay-type":"","overlay-color":"","overlay-opacity":"","overlay-gradient":""},"tablet":{"background-color":"","background-image":"","background-repeat":"repeat","background-position":"center center","background-size":"auto","background-attachment":"scroll","background-type":"","background-media":"","overlay-type":"","overlay-color":"","overlay-opacity":"","overlay-gradient":""},"mobile":{"background-color":"","background-image":"","background-repeat":"repeat","background-position":"center center","background-size":"auto","background-attachment":"scroll","background-type":"","background-media":"","overlay-type":"","overlay-color":"","overlay-opacity":"","overlay-gradient":""}},"ast-content-background-meta":{"desktop":{"background-color":"var(--ast-global-color-5)","background-image":"","background-repeat":"repeat","background-position":"center center","background-size":"auto","background-attachment":"scroll","background-type":"","background-media":"","overlay-type":"","overlay-color":"","overlay-opacity":"","overlay-gradient":""},"tablet":{"background-color":"var(--ast-global-color-5)","background-image":"","background-repeat":"repeat","background-position":"center center","background-size":"auto","background-attachment":"scroll","background-type":"","background-media":"","overlay-type":"","overlay-color":"","overlay-opacity":"","overlay-gradient":""},"mobile":{"background-color":"var(--ast-global-color-5)","background-image":"","background-repeat":"repeat","background-position":"center center","background-size":"auto","background-attachment":"scroll","background-type":"","background-media":"","overlay-type":"","overlay-color":"","overlay-opacity":"","overlay-gradient":""}},"footnotes":""},"class_list":["post-1415","page","type-page","status-publish","hentry"],"uagb_featured_image_src":{"full":false,"thumbnail":false,"medium":false,"medium_large":false,"large":false,"1536x1536":false,"2048x2048":false},"uagb_author_info":{"display_name":"akinhairtransplant.com","author_link":"https:\/\/akinhairtransplant.com\/?author=1"},"uagb_comment_info":0,"uagb_excerpt":"DHI Sa\u00e7 Ekimi DHI (Direct Hair Implant) yo\u0308ntemi, kanal ac\u0327madan ekim yapmaya imka\u0302n verdig\u0306i ic\u0327in avantajlar\u0131 bulunan bir sac\u0327 ekimi teknig\u0306idir. Kanal ac\u0327ma ve Ekim is\u0327lemi ayn\u0131 anda yap\u0131ld\u0131g\u0306\u0131 ic\u0327in operasyon su\u0308reci hasta ac\u0327\u0131s\u0131ndan daha konforlu ve rahat gec\u0327mektedir. I\u0307s\u0327lem esnas\u0131nda eg\u0306er sac\u0327l\u0131 bo\u0308lgeye ekim yap\u0131l\u0131yorsa mevcut sac\u0327 ko\u0308klerine zarar vermeden sac\u0327 aralar\u0131ndaki bos\u0327luklara odaklanarak&hellip;","_links":{"self":[{"href":"https:\/\/akinhairtransplant.com\/index.php?rest_route=\/wp\/v2\/pages\/1415","targetHints":{"allow":["GET"]}}],"collection":[{"href":"https:\/\/akinhairtransplant.com\/index.php?rest_route=\/wp\/v2\/pages"}],"about":[{"href":"https:\/\/akinhairtransplant.com\/index.php?rest_route=\/wp\/v2\/types\/page"}],"author":[{"embeddable":true,"href":"https:\/\/akinhairtransplant.com\/index.php?rest_route=\/wp\/v2\/users\/1"}],"replies":[{"embeddable":true,"href":"https:\/\/akinhairtransplant.com\/index.php?rest_route=%2Fwp%2Fv2%2Fcomments&post=1415"}],"version-history":[{"count":4,"href":"https:\/\/akinhairtransplant.com\/index.php?rest_route=\/wp\/v2\/pages\/1415\/revisions"}],"predecessor-version":[{"id":1420,"href":"https:\/\/akinhairtransplant.com\/index.php?rest_route=\/wp\/v2\/pages\/1415\/revisions\/1420"}],"wp:attachment":[{"href":"https:\/\/akinhairtransplant.com\/index.php?rest_route=%2Fwp%2Fv2%2Fmedia&parent=1415"}],"curies":[{"name":"wp","href":"https:\/\/api.w.org\/{rel}","templated":true}]}}