{"id":1408,"date":"2023-12-14T11:57:13","date_gmt":"2023-12-14T08:57:13","guid":{"rendered":"https:\/\/akinhairtransplant.com\/?page_id=1408"},"modified":"2023-12-14T11:57:45","modified_gmt":"2023-12-14T08:57:45","slug":"on-hat-cizgisi","status":"publish","type":"page","link":"https:\/\/akinhairtransplant.com\/?page_id=1408","title":{"rendered":"\u00d6n Hat \u00c7izgisi"},"content":{"rendered":"\t\t<div data-elementor-type=\"wp-page\" data-elementor-id=\"1408\" class=\"elementor elementor-1408\" data-elementor-settings=\"{&quot;ha_cmc_init_switcher&quot;:&quot;no&quot;}\">\n\t\t\t\t<div class=\"elementor-element elementor-element-1b6161c e-flex e-con-boxed e-con e-parent\" data-id=\"1b6161c\" data-element_type=\"container\" data-settings=\"{&quot;background_background&quot;:&quot;classic&quot;,&quot;_ha_eqh_enable&quot;:false}\">\n\t\t\t\t\t<div class=\"e-con-inner\">\n\t\t<div class=\"elementor-element elementor-element-a621323 e-con-full e-flex e-con e-child\" data-id=\"a621323\" data-element_type=\"container\" data-settings=\"{&quot;_ha_eqh_enable&quot;:false}\">\n\t\t\t\t<div class=\"elementor-element elementor-element-2ff45f2 elementor-widget elementor-widget-heading\" data-id=\"2ff45f2\" data-element_type=\"widget\" data-widget_type=\"heading.default\">\n\t\t\t\t<div class=\"elementor-widget-container\">\n\t\t\t\t\t<h2 class=\"elementor-heading-title elementor-size-default\">\u00d6n Hat \u00c7izgisi<\/h2>\t\t\t\t<\/div>\n\t\t\t\t<\/div>\n\t\t\t\t<\/div>\n\t\t\t\t\t<\/div>\n\t\t\t\t<\/div>\n\t\t\t\t<section class=\"elementor-section elementor-top-section elementor-element elementor-element-0wpzcdl elementor-section-content-middle elementor-section-boxed elementor-section-height-default elementor-section-height-default\" data-id=\"0wpzcdl\" data-element_type=\"section\" data-settings=\"{&quot;background_background&quot;:&quot;classic&quot;,&quot;_ha_eqh_enable&quot;:false}\">\n\t\t\t\t\t\t<div class=\"elementor-container elementor-column-gap-no\">\n\t\t\t\t\t<div class=\"elementor-column elementor-col-50 elementor-top-column elementor-element elementor-element-ca44c59\" data-id=\"ca44c59\" data-element_type=\"column\" data-settings=\"{&quot;background_background&quot;:&quot;classic&quot;}\">\n\t\t\t<div class=\"elementor-widget-wrap elementor-element-populated\">\n\t\t\t\t\t\t<div class=\"elementor-element elementor-element-7e01216 elementor-widget elementor-widget-image\" data-id=\"7e01216\" data-element_type=\"widget\" data-widget_type=\"image.default\">\n\t\t\t\t<div class=\"elementor-widget-container\">\n\t\t\t\t\t\t\t\t\t\t\t\t\t\t\t<img fetchpriority=\"high\" decoding=\"async\" width=\"480\" height=\"640\" src=\"https:\/\/akinhairtransplant.com\/wp-content\/uploads\/2023\/12\/onhat.jpg\" class=\"attachment-full size-full wp-image-1410\" alt=\"\" srcset=\"https:\/\/akinhairtransplant.com\/wp-content\/uploads\/2023\/12\/onhat.jpg 480w, https:\/\/akinhairtransplant.com\/wp-content\/uploads\/2023\/12\/onhat-225x300.jpg 225w\" sizes=\"(max-width: 480px) 100vw, 480px\" \/>\t\t\t\t\t\t\t\t\t\t\t\t\t\t\t<\/div>\n\t\t\t\t<\/div>\n\t\t\t\t\t<\/div>\n\t\t<\/div>\n\t\t\t\t<div class=\"elementor-column elementor-col-50 elementor-top-column elementor-element elementor-element-258231d\" data-id=\"258231d\" data-element_type=\"column\">\n\t\t\t<div class=\"elementor-widget-wrap elementor-element-populated\">\n\t\t\t\t\t\t<div class=\"elementor-element elementor-element-4f6265e elementor-widget elementor-widget-text-editor\" data-id=\"4f6265e\" data-element_type=\"widget\" data-widget_type=\"text-editor.default\">\n\t\t\t\t<div class=\"elementor-widget-container\">\n\t\t\t\t\t\t\t\t\t<div class=\"layoutArea\"><div class=\"column\"><p>O\u0308n sac\u0327 c\u0327izgisinin planlanmas\u0131nda birc\u0327ok etken go\u0308z o\u0308nu\u0308nde bulundurulmal\u0131d\u0131r. Kis\u0327inin yas\u0327\u0131, sac\u0327 ac\u0327\u0131kl\u0131g\u0306\u0131, dono\u0308r (ense) alandaki sac\u0327 say\u0131s\u0131, sac\u0327 do\u0308ku\u0308lme su\u0308recinin devam edip etmedig\u0306i, kis\u0327inin kas yap\u0131s\u0131n\u0131n s\u0327ekli ve en o\u0308nemlisi sac\u0327 ekimi yap\u0131lacak olan kis\u0327inin istekleri go\u0308z o\u0308nu\u0308ne al\u0131narak planlama yap\u0131lmal\u0131d\u0131r.<\/p><p>\u00a0<\/p><div class=\"elementor-element elementor-element-6ed725e elementor-widget elementor-widget-wd_title\" data-id=\"6ed725e\" data-element_type=\"widget\" data-widget_type=\"wd_title.default\"><div class=\"elementor-widget-container\"><div class=\"title-wrapper set-mb-s reset-last-child wd-title-color-default wd-title-style-default wd-title-size-default text-left\"><div class=\"liner-continer\"><h2 class=\"woodmart-title-container title wd-fontsize-l\">A\u011fr\u0131s\u0131z Anestezi<\/h2><\/div><\/div><\/div><\/div><div class=\"elementor-element elementor-element-9edd17c elementor-widget elementor-widget-wd_text_block\" data-id=\"9edd17c\" data-element_type=\"widget\" data-widget_type=\"wd_text_block.default\"><div class=\"elementor-widget-container\"><div class=\"wd-text-block reset-last-child text-left\"><div class=\"page\" title=\"Page 2\"><div class=\"layoutArea\"><div class=\"column\"><p>Deg\u0306is\u0327en teknolojilerle sac\u0327 ekiminde yeni teknikler ortaya c\u0327\u0131kmaktad\u0131r. Bo\u0308ylelikle Operasyonlar kis\u0327iler ac\u0327\u0131s\u0131ndan daha konforlu hale gelmektedir. Ag\u0306r\u0131s\u0131z Anestezide son do\u0308nemlerde sac\u0327 ekimi operasyonlar\u0131nda yayg\u0131n olarak kullan\u0131lan yo\u0308ntemlerden biridir.<\/p><p>Ag\u0306r\u0131s\u0131z anestezi o\u0308zel bir cihaz ile (Dermojet) lokal anestezi ilac\u0131n\u0131 yu\u0308ksek bas\u0131nc\u0327 yoluyla ig\u0306ne kullanmadan cilt alt\u0131na uygulanma is\u0327lemidir. Bu yo\u0308ntem ile hasta sadece sinek \u0131s\u0131r\u0131g\u0306\u0131 gibi bir his duyar.<\/p><\/div><\/div><\/div><\/div><\/div><\/div><\/div><\/div>\t\t\t\t\t\t\t\t<\/div>\n\t\t\t\t<\/div>\n\t\t\t\t<div class=\"elementor-element elementor-element-7a2d1e6 elementor-widget-divider--view-line elementor-widget elementor-widget-divider\" data-id=\"7a2d1e6\" data-element_type=\"widget\" data-widget_type=\"divider.default\">\n\t\t\t\t<div class=\"elementor-widget-container\">\n\t\t\t\t\t\t\t<div class=\"elementor-divider\">\n\t\t\t<span class=\"elementor-divider-separator\">\n\t\t\t\t\t\t<\/span>\n\t\t<\/div>\n\t\t\t\t\t\t<\/div>\n\t\t\t\t<\/div>\n\t\t\t\t\t<\/div>\n\t\t<\/div>\n\t\t\t\t\t<\/div>\n\t\t<\/section>\n\t\t<div class=\"elementor-element elementor-element-a89d8c5 e-con-full e-flex e-con e-parent\" data-id=\"a89d8c5\" data-element_type=\"container\" data-settings=\"{&quot;_ha_eqh_enable&quot;:false}\">\n\t\t<div class=\"elementor-element elementor-element-1763470 e-con-full e-flex e-con e-child\" data-id=\"1763470\" data-element_type=\"container\" data-settings=\"{&quot;background_background&quot;:&quot;classic&quot;,&quot;_ha_eqh_enable&quot;:false}\">\n\t\t<div class=\"elementor-element elementor-element-37dda71 e-con-full e-flex e-con e-child\" data-id=\"37dda71\" data-element_type=\"container\" data-settings=\"{&quot;_ha_eqh_enable&quot;:false}\">\n\t\t<div class=\"elementor-element elementor-element-79c73ab e-con-full e-flex e-con e-child\" data-id=\"79c73ab\" data-element_type=\"container\" data-settings=\"{&quot;_ha_eqh_enable&quot;:false}\">\n\t\t\t\t<div class=\"elementor-element elementor-element-293a88c elementor-widget elementor-widget-heading\" data-id=\"293a88c\" data-element_type=\"widget\" data-widget_type=\"heading.default\">\n\t\t\t\t<div class=\"elementor-widget-container\">\n\t\t\t\t\t<h2 class=\"elementor-heading-title elementor-size-default\">A\u011fr\u0131s\u0131z ve Tra\u015fs\u0131z Sa\u00e7 Ekimi \u0130\u00e7in Hemen Ba\u015fvur!<\/h2>\t\t\t\t<\/div>\n\t\t\t\t<\/div>\n\t\t\t\t<\/div>\n\t\t\t\t<\/div>\n\t\t\t\t<\/div>\n\t\t<div class=\"elementor-element elementor-element-9b8cf19 e-con-full e-flex e-con e-child\" data-id=\"9b8cf19\" data-element_type=\"container\" data-settings=\"{&quot;background_background&quot;:&quot;classic&quot;,&quot;_ha_eqh_enable&quot;:false}\">\n\t\t<div class=\"elementor-element elementor-element-e3c6aea e-con-full e-flex e-con e-child\" data-id=\"e3c6aea\" data-element_type=\"container\" data-settings=\"{&quot;_ha_eqh_enable&quot;:false}\">\n\t\t<div class=\"elementor-element elementor-element-b24a199 e-con-full e-flex e-con e-child\" data-id=\"b24a199\" data-element_type=\"container\" data-settings=\"{&quot;_ha_eqh_enable&quot;:false}\">\n\t\t\t\t<div class=\"elementor-element elementor-element-bc7b1fd elementor-widget elementor-widget-heading\" data-id=\"bc7b1fd\" data-element_type=\"widget\" data-widget_type=\"heading.default\">\n\t\t\t\t<div class=\"elementor-widget-container\">\n\t\t\t\t\t<h2 class=\"elementor-heading-title elementor-size-default\">Sohbete Ba\u015flay\u0131n!<\/h2>\t\t\t\t<\/div>\n\t\t\t\t<\/div>\n\t\t\t\t<div class=\"elementor-element elementor-element-1c8e862 elementor-widget elementor-widget-text-editor\" data-id=\"1c8e862\" data-element_type=\"widget\" data-widget_type=\"text-editor.default\">\n\t\t\t\t<div class=\"elementor-widget-container\">\n\t\t\t\t\t\t\t\t\t<div class=\"nta_wa_button\" data-id=\"1023\" data-info=\"{&quot;name&quot;:&quot;Ak\\u0131n Hairtransplant&quot;,&quot;info&quot;:{&quot;number&quot;:&quot;+905387444690&quot;,&quot;title&quot;:&quot;&quot;,&quot;predefinedText&quot;:&quot;&quot;,&quot;willBeBackText&quot;:&quot;I will be back in [njwa_time_work]&quot;,&quot;dayOffsText&quot;:&quot;I will be back soon&quot;,&quot;isAlwaysAvailable&quot;:&quot;ON&quot;,&quot;daysOfWeekWorking&quot;:{&quot;sunday&quot;:{&quot;isWorkingOnDay&quot;:&quot;OFF&quot;,&quot;workHours&quot;:[{&quot;startTime&quot;:&quot;08:00&quot;,&quot;endTime&quot;:&quot;17:30&quot;}]},&quot;monday&quot;:{&quot;isWorkingOnDay&quot;:&quot;OFF&quot;,&quot;workHours&quot;:[{&quot;startTime&quot;:&quot;08:00&quot;,&quot;endTime&quot;:&quot;17:30&quot;}]},&quot;tuesday&quot;:{&quot;isWorkingOnDay&quot;:&quot;OFF&quot;,&quot;workHours&quot;:[{&quot;startTime&quot;:&quot;08:00&quot;,&quot;endTime&quot;:&quot;17:30&quot;}]},&quot;wednesday&quot;:{&quot;isWorkingOnDay&quot;:&quot;OFF&quot;,&quot;workHours&quot;:[{&quot;startTime&quot;:&quot;08:00&quot;,&quot;endTime&quot;:&quot;17:30&quot;}]},&quot;thursday&quot;:{&quot;isWorkingOnDay&quot;:&quot;OFF&quot;,&quot;workHours&quot;:[{&quot;startTime&quot;:&quot;08:00&quot;,&quot;endTime&quot;:&quot;17:30&quot;}]},&quot;friday&quot;:{&quot;isWorkingOnDay&quot;:&quot;OFF&quot;,&quot;workHours&quot;:[{&quot;startTime&quot;:&quot;08:00&quot;,&quot;endTime&quot;:&quot;17:30&quot;}]},&quot;saturday&quot;:{&quot;isWorkingOnDay&quot;:&quot;OFF&quot;,&quot;workHours&quot;:[{&quot;startTime&quot;:&quot;08:00&quot;,&quot;endTime&quot;:&quot;17:30&quot;}]}}},&quot;styles&quot;:{&quot;type&quot;:&quot;round&quot;,&quot;backgroundColor&quot;:&quot;#2DB742&quot;,&quot;textColor&quot;:&quot;#fff&quot;,&quot;label&quot;:&quot;Need Help? Chat with us&quot;,&quot;width&quot;:300,&quot;height&quot;:64},&quot;avatar&quot;:false,&quot;options&quot;:{&quot;display&quot;:{&quot;displayCondition&quot;:&quot;showAllPage&quot;,&quot;includePages&quot;:[],&quot;excludePages&quot;:[],&quot;includePosts&quot;:[],&quot;showOnDesktop&quot;:&quot;ON&quot;,&quot;showOnMobile&quot;:&quot;ON&quot;,&quot;time_symbols&quot;:&quot;h:m&quot;},&quot;styles&quot;:{&quot;title&quot;:&quot;Start a Conversation&quot;,&quot;responseText&quot;:&quot;The team typically replies in a few minutes.&quot;,&quot;description&quot;:&quot;Hi! Click one of our member below to chat on &lt;strong&gt;WhatsApp&lt;\\\/strong&gt;&quot;,&quot;backgroundColor&quot;:&quot;#2db742&quot;,&quot;textColor&quot;:&quot;#fff&quot;,&quot;titleSize&quot;:18,&quot;accountNameSize&quot;:14,&quot;descriptionTextSize&quot;:12,&quot;regularTextSize&quot;:11,&quot;scrollHeight&quot;:&quot;500&quot;,&quot;isShowScroll&quot;:&quot;OFF&quot;,&quot;isShowResponseText&quot;:&quot;OFF&quot;,&quot;isShowPoweredBy&quot;:&quot;ON&quot;,&quot;btnLabel&quot;:&quot;&quot;,&quot;btnLabelWidth&quot;:&quot;156&quot;,&quot;btnPosition&quot;:&quot;right&quot;,&quot;btnLeftDistance&quot;:&quot;30&quot;,&quot;btnRightDistance&quot;:&quot;30&quot;,&quot;btnBottomDistance&quot;:&quot;30&quot;,&quot;isShowBtnLabel&quot;:&quot;OFF&quot;,&quot;isShowGDPR&quot;:&quot;OFF&quot;,&quot;gdprContent&quot;:&quot;Please accept our &lt;a href=\\&quot;https:\\\/\\\/ninjateam.org\\\/privacy-policy\\\/\\&quot;&gt;privacy policy&lt;\\\/a&gt; first to start a conversation.&quot;},&quot;analytics&quot;:{&quot;enabledGoogle&quot;:&quot;OFF&quot;,&quot;enabledFacebook&quot;:&quot;OFF&quot;,&quot;enabledGoogleGA4&quot;:&quot;OFF&quot;}},&quot;gdprStatus&quot;:false,&quot;defaultAvatar&quot;:&quot;https:\\\/\\\/akinhairtransplant.com\\\/wp-content\\\/plugins\\\/wp-whatsapp\\\/assets\\\/img\\\/whatsapp_logo.svg&quot;}\"><\/div>\t\t\t\t\t\t\t\t<\/div>\n\t\t\t\t<\/div>\n\t\t\t\t<\/div>\n\t\t\t\t<\/div>\n\t\t\t\t<\/div>\n\t\t\t\t<\/div>\n\t\t\t\t<\/div>\n\t\t","protected":false},"excerpt":{"rendered":"<p>\u00d6n Hat \u00c7izgisi O\u0308n sac\u0327 c\u0327izgisinin planlanmas\u0131nda birc\u0327ok etken go\u0308z o\u0308nu\u0308nde bulundurulmal\u0131d\u0131r. Kis\u0327inin yas\u0327\u0131, sac\u0327 ac\u0327\u0131kl\u0131g\u0306\u0131, dono\u0308r (ense) alandaki sac\u0327 say\u0131s\u0131, sac\u0327 do\u0308ku\u0308lme su\u0308recinin devam edip etmedig\u0306i, kis\u0327inin kas yap\u0131s\u0131n\u0131n s\u0327ekli ve en o\u0308nemlisi sac\u0327 ekimi yap\u0131lacak olan kis\u0327inin istekleri go\u0308z o\u0308nu\u0308ne al\u0131narak planlama yap\u0131lmal\u0131d\u0131r. \u00a0 A\u011fr\u0131s\u0131z Anestezi Deg\u0306is\u0327en teknolojilerle sac\u0327 ekiminde yeni teknikler ortaya [&hellip;]<\/p>\n","protected":false},"author":1,"featured_media":0,"parent":0,"menu_order":0,"comment_status":"closed","ping_status":"closed","template":"","meta":{"_uag_custom_page_level_css":"","site-sidebar-layout":"no-sidebar","site-content-layout":"page-builder","ast-site-content-layout":"","site-content-style":"default","site-sidebar-style":"default","ast-global-header-display":"","ast-banner-title-visibility":"","ast-main-header-display":"","ast-hfb-above-header-display":"","ast-hfb-below-header-display":"","ast-hfb-mobile-header-display":"","site-post-title":"disabled","ast-breadcrumbs-content":"disabled","ast-featured-img":"disabled","footer-sml-layout":"","theme-transparent-header-meta":"enabled","adv-header-id-meta":"","stick-header-meta":"","header-above-stick-meta":"","header-main-stick-meta":"","header-below-stick-meta":"","astra-migrate-meta-layouts":"default","ast-page-background-enabled":"default","ast-page-background-meta":{"desktop":{"background-color":"var(--ast-global-color-4)","background-image":"","background-repeat":"repeat","background-position":"center center","background-size":"auto","background-attachment":"scroll","background-type":"","background-media":"","overlay-type":"","overlay-color":"","overlay-opacity":"","overlay-gradient":""},"tablet":{"background-color":"","background-image":"","background-repeat":"repeat","background-position":"center center","background-size":"auto","background-attachment":"scroll","background-type":"","background-media":"","overlay-type":"","overlay-color":"","overlay-opacity":"","overlay-gradient":""},"mobile":{"background-color":"","background-image":"","background-repeat":"repeat","background-position":"center center","background-size":"auto","background-attachment":"scroll","background-type":"","background-media":"","overlay-type":"","overlay-color":"","overlay-opacity":"","overlay-gradient":""}},"ast-content-background-meta":{"desktop":{"background-color":"var(--ast-global-color-5)","background-image":"","background-repeat":"repeat","background-position":"center center","background-size":"auto","background-attachment":"scroll","background-type":"","background-media":"","overlay-type":"","overlay-color":"","overlay-opacity":"","overlay-gradient":""},"tablet":{"background-color":"var(--ast-global-color-5)","background-image":"","background-repeat":"repeat","background-position":"center center","background-size":"auto","background-attachment":"scroll","background-type":"","background-media":"","overlay-type":"","overlay-color":"","overlay-opacity":"","overlay-gradient":""},"mobile":{"background-color":"var(--ast-global-color-5)","background-image":"","background-repeat":"repeat","background-position":"center center","background-size":"auto","background-attachment":"scroll","background-type":"","background-media":"","overlay-type":"","overlay-color":"","overlay-opacity":"","overlay-gradient":""}},"footnotes":""},"class_list":["post-1408","page","type-page","status-publish","hentry"],"uagb_featured_image_src":{"full":false,"thumbnail":false,"medium":false,"medium_large":false,"large":false,"1536x1536":false,"2048x2048":false},"uagb_author_info":{"display_name":"akinhairtransplant.com","author_link":"https:\/\/akinhairtransplant.com\/?author=1"},"uagb_comment_info":0,"uagb_excerpt":"\u00d6n Hat \u00c7izgisi O\u0308n sac\u0327 c\u0327izgisinin planlanmas\u0131nda birc\u0327ok etken go\u0308z o\u0308nu\u0308nde bulundurulmal\u0131d\u0131r. Kis\u0327inin yas\u0327\u0131, sac\u0327 ac\u0327\u0131kl\u0131g\u0306\u0131, dono\u0308r (ense) alandaki sac\u0327 say\u0131s\u0131, sac\u0327 do\u0308ku\u0308lme su\u0308recinin devam edip etmedig\u0306i, kis\u0327inin kas yap\u0131s\u0131n\u0131n s\u0327ekli ve en o\u0308nemlisi sac\u0327 ekimi yap\u0131lacak olan kis\u0327inin istekleri go\u0308z o\u0308nu\u0308ne al\u0131narak planlama yap\u0131lmal\u0131d\u0131r. \u00a0 A\u011fr\u0131s\u0131z Anestezi Deg\u0306is\u0327en teknolojilerle sac\u0327 ekiminde yeni teknikler ortaya&hellip;","_links":{"self":[{"href":"https:\/\/akinhairtransplant.com\/index.php?rest_route=\/wp\/v2\/pages\/1408","targetHints":{"allow":["GET"]}}],"collection":[{"href":"https:\/\/akinhairtransplant.com\/index.php?rest_route=\/wp\/v2\/pages"}],"about":[{"href":"https:\/\/akinhairtransplant.com\/index.php?rest_route=\/wp\/v2\/types\/page"}],"author":[{"embeddable":true,"href":"https:\/\/akinhairtransplant.com\/index.php?rest_route=\/wp\/v2\/users\/1"}],"replies":[{"embeddable":true,"href":"https:\/\/akinhairtransplant.com\/index.php?rest_route=%2Fwp%2Fv2%2Fcomments&post=1408"}],"version-history":[{"count":4,"href":"https:\/\/akinhairtransplant.com\/index.php?rest_route=\/wp\/v2\/pages\/1408\/revisions"}],"predecessor-version":[{"id":1413,"href":"https:\/\/akinhairtransplant.com\/index.php?rest_route=\/wp\/v2\/pages\/1408\/revisions\/1413"}],"wp:attachment":[{"href":"https:\/\/akinhairtransplant.com\/index.php?rest_route=%2Fwp%2Fv2%2Fmedia&parent=1408"}],"curies":[{"name":"wp","href":"https:\/\/api.w.org\/{rel}","templated":true}]}}