{"id":1401,"date":"2023-12-14T11:37:35","date_gmt":"2023-12-14T08:37:35","guid":{"rendered":"https:\/\/akinhairtransplant.com\/?page_id=1401"},"modified":"2023-12-14T11:42:00","modified_gmt":"2023-12-14T08:42:00","slug":"trassiz-sac-ekimi","status":"publish","type":"page","link":"https:\/\/akinhairtransplant.com\/?page_id=1401","title":{"rendered":"Tra\u015fs\u0131z Sa\u00e7 Ekimi"},"content":{"rendered":"\t\t<div data-elementor-type=\"wp-page\" data-elementor-id=\"1401\" class=\"elementor elementor-1401\" data-elementor-settings=\"{&quot;ha_cmc_init_switcher&quot;:&quot;no&quot;}\">\n\t\t\t\t<div class=\"elementor-element elementor-element-1b6161c e-flex e-con-boxed e-con e-parent\" data-id=\"1b6161c\" data-element_type=\"container\" data-settings=\"{&quot;background_background&quot;:&quot;classic&quot;,&quot;_ha_eqh_enable&quot;:false}\">\n\t\t\t\t\t<div class=\"e-con-inner\">\n\t\t<div class=\"elementor-element elementor-element-a621323 e-con-full e-flex e-con e-child\" data-id=\"a621323\" data-element_type=\"container\" data-settings=\"{&quot;_ha_eqh_enable&quot;:false}\">\n\t\t\t\t<div class=\"elementor-element elementor-element-2ff45f2 elementor-widget elementor-widget-heading\" data-id=\"2ff45f2\" data-element_type=\"widget\" data-widget_type=\"heading.default\">\n\t\t\t\t<div class=\"elementor-widget-container\">\n\t\t\t\t\t<h2 class=\"elementor-heading-title elementor-size-default\">Tra\u015fs\u0131z Sa\u00e7 Ekimi<\/h2>\t\t\t\t<\/div>\n\t\t\t\t<\/div>\n\t\t\t\t<\/div>\n\t\t\t\t\t<\/div>\n\t\t\t\t<\/div>\n\t\t\t\t<section class=\"elementor-section elementor-top-section elementor-element elementor-element-0wpzcdl elementor-section-content-middle elementor-section-boxed elementor-section-height-default elementor-section-height-default\" data-id=\"0wpzcdl\" data-element_type=\"section\" data-settings=\"{&quot;background_background&quot;:&quot;classic&quot;,&quot;_ha_eqh_enable&quot;:false}\">\n\t\t\t\t\t\t<div class=\"elementor-container elementor-column-gap-no\">\n\t\t\t\t\t<div class=\"elementor-column elementor-col-50 elementor-top-column elementor-element elementor-element-ca44c59\" data-id=\"ca44c59\" data-element_type=\"column\" data-settings=\"{&quot;background_background&quot;:&quot;classic&quot;}\">\n\t\t\t<div class=\"elementor-widget-wrap elementor-element-populated\">\n\t\t\t\t\t\t<div class=\"elementor-element elementor-element-7e01216 elementor-widget elementor-widget-image\" data-id=\"7e01216\" data-element_type=\"widget\" data-widget_type=\"image.default\">\n\t\t\t\t<div class=\"elementor-widget-container\">\n\t\t\t\t\t\t\t\t\t\t\t\t\t\t\t<img fetchpriority=\"high\" decoding=\"async\" width=\"480\" height=\"640\" src=\"https:\/\/akinhairtransplant.com\/wp-content\/uploads\/2023\/12\/trassiz.jpg\" class=\"attachment-full size-full wp-image-1403\" alt=\"\" srcset=\"https:\/\/akinhairtransplant.com\/wp-content\/uploads\/2023\/12\/trassiz.jpg 480w, https:\/\/akinhairtransplant.com\/wp-content\/uploads\/2023\/12\/trassiz-225x300.jpg 225w\" sizes=\"(max-width: 480px) 100vw, 480px\" \/>\t\t\t\t\t\t\t\t\t\t\t\t\t\t\t<\/div>\n\t\t\t\t<\/div>\n\t\t\t\t\t<\/div>\n\t\t<\/div>\n\t\t\t\t<div class=\"elementor-column elementor-col-50 elementor-top-column elementor-element elementor-element-258231d\" data-id=\"258231d\" data-element_type=\"column\">\n\t\t\t<div class=\"elementor-widget-wrap elementor-element-populated\">\n\t\t\t\t\t\t<div class=\"elementor-element elementor-element-4f6265e elementor-widget elementor-widget-text-editor\" data-id=\"4f6265e\" data-element_type=\"widget\" data-widget_type=\"text-editor.default\">\n\t\t\t\t<div class=\"elementor-widget-container\">\n\t\t\t\t\t\t\t\t\t<div class=\"layoutArea\"><div class=\"column\"><p>Ki\u015finin sa\u00e7lar\u0131n\u0131 t\u0131ra\u015f etmeden don\u00f6r b\u00f6lgeden al\u0131nan sa\u00e7 k\u00f6klerinin d\u00f6k\u00fclen b\u00f6lgeye ekilmesi i\u015flemidir. Don\u00f6r b\u00f6lge ya hi\u00e7 t\u0131ra\u015flanmaz ya da al\u0131nacak k\u00f6k say\u0131s\u0131na g\u00f6re k\u0131smi bir alan t\u0131ra\u015flan\u0131r.<\/p><p>Bu operasyon genellikle daha uzun s\u00fcren ve t\u0131ra\u015fl\u0131 sa\u00e7 ekiminden daha ince i\u015f\u00e7ilik gerektiren bir i\u015flemdir. Ki\u015fi sa\u00e7lar\u0131n\u0131 kestirmek istemedi\u011fi i\u00e7in bu y\u00f6ntemi tercih eder. T\u0131ra\u015fs\u0131z sa\u00e7 ekiminde s\u0131n\u0131rl\u0131 say\u0131da k\u00f6k al\u0131n\u0131r. B\u00f6lgesel a\u00e7\u0131kl\u0131\u011f\u0131 olan yere ekim yap\u0131l\u0131r.<\/p><\/div><\/div>\t\t\t\t\t\t\t\t<\/div>\n\t\t\t\t<\/div>\n\t\t\t\t<div class=\"elementor-element elementor-element-7a2d1e6 elementor-widget-divider--view-line elementor-widget elementor-widget-divider\" data-id=\"7a2d1e6\" data-element_type=\"widget\" data-widget_type=\"divider.default\">\n\t\t\t\t<div class=\"elementor-widget-container\">\n\t\t\t\t\t\t\t<div class=\"elementor-divider\">\n\t\t\t<span class=\"elementor-divider-separator\">\n\t\t\t\t\t\t<\/span>\n\t\t<\/div>\n\t\t\t\t\t\t<\/div>\n\t\t\t\t<\/div>\n\t\t\t\t\t<\/div>\n\t\t<\/div>\n\t\t\t\t\t<\/div>\n\t\t<\/section>\n\t\t<div class=\"elementor-element elementor-element-2afbb48 e-flex e-con-boxed e-con e-parent\" data-id=\"2afbb48\" data-element_type=\"container\" data-settings=\"{&quot;_ha_eqh_enable&quot;:false}\">\n\t\t\t\t\t<div class=\"e-con-inner\">\n\t\t\t\t<div class=\"elementor-element elementor-element-8123230 elementor-widget elementor-widget-text-editor\" data-id=\"8123230\" data-element_type=\"widget\" data-widget_type=\"text-editor.default\">\n\t\t\t\t<div class=\"elementor-widget-container\">\n\t\t\t\t\t\t\t\t\t<div class=\"section\">\n<div class=\"layoutArea\">\n<div class=\"column\">\n<div class=\"layoutArea\">\n<div class=\"column\">\n<h2>Tra\u015fs\u0131z Sa\u00e7 Ekimini Kimler Tercih Etmeli?<\/h2>\n<p>G\u00fcn\u00fcm\u00fczde sa\u00e7 kayb\u0131 ya\u015fayan herkes sa\u00e7 ekimi yapt\u0131rabilir. T\u0131ra\u015fs\u0131z sa\u00e7 ekim y\u00f6ntemi, ekim yap\u0131lacak alandaki sa\u00e7lar\u0131n\u0131 kestirmek istemeyip, uzun sa\u00e7lar\u0131 olan hastalara olduk\u00e7a kolay uygulanabilir. Bu y\u00f6ntem 2 farkl\u0131 teknik ile uygulanabilir.<\/p>\n<h2>B\u00f6lgesel Tra\u015fl\u0131 Sa\u00e7 Ekimi<\/h2>\n<p>B\u00f6lgesel t\u0131ra\u015flama y\u00f6ntemi ile yap\u0131lan sa\u00e7 ekim i\u015flemi sadece sa\u00e7lar\u0131n al\u0131nd\u0131\u011f\u0131 alan\u0131n t\u0131ra\u015flanmas\u0131 ile yap\u0131l\u0131r. B\u00f6ylelikle ki\u015fi operasyon \u00f6ncesinde ve sonras\u0131nda eski sa\u00e7 \u015feklini ve uzunlu\u011funu koruyabilmektedir.<\/p>\n<h2>B\u00f6lgesel Tra\u015fl\u0131 Sa\u00e7 Ekiminin Avantajlar\u0131<\/h2>\n<p>Hasta, operasyondan sonra sa\u00e7 ekimi yapt\u0131rd\u0131\u011f\u0131 belli olmayaca\u011f\u0131ndan g\u00fcndelik ya\u015fant\u0131s\u0131na h\u0131zl\u0131 bir \u015fekilde geri d\u00f6nebilir. Bu i\u015flemde ki\u015fiye daha az k\u00f6k ekilece\u011fi i\u00e7in iyile\u015fme s\u00fcreci daha k\u0131sa olacakt\u0131r.<\/p>\n<h2>B\u00f6lgesel Tra\u015fl\u0131 Sa\u00e7 Ekiminin Dezavantajlar\u0131<\/h2>\n<p>Bu operasyon sadece uzun veya orta uzunluktaki sa\u00e7lara sahip ki\u015filere uygulanabilmektedir. Don\u00f6r alan\u0131 k\u00fc\u00e7\u00fck olaca\u011f\u0131ndan al\u0131m yap\u0131lan b\u00f6lgenin kesinlikle tecr\u00fcbeli sa\u00e7 ekimi uzmanlar\u0131 taraf\u0131ndan yap\u0131lmas\u0131 gerekmektedir.<\/p>\n<p>Bu operasyon di\u011fer y\u00f6ntemlere g\u00f6re daha fazla \u00f6zen ve dikkat gerektirir. Bu nedenle di\u011fer y\u00f6ntemlere g\u00f6re maliyetli bir i\u015flemdir. Al\u0131m yap\u0131lan yerin belirli bir alan olmas\u0131 nedeniyle k\u00f6k say\u0131s\u0131 bir miktar az olabilir.<\/p>\n<h2>Tamamen Tra\u015fs\u0131z Sa\u00e7 Ekimi<\/h2>\n<p>Belirli a\u00e7\u0131kl\u0131\u011f\u0131 olup az say\u0131da sa\u00e7 ekimi ger\u00e7ekle\u015ftirmek isteyen ki\u015filer bu y\u00f6ntemi tercih edebilir. Ki\u015finin sa\u00e7lar\u0131n\u0131 t\u0131ra\u015f etmeden don\u00f6r b\u00f6lgeden al\u0131nan sa\u00e7 k\u00f6klerinin d\u00f6k\u00fclen b\u00f6lgeye ekilmesidir. Don\u00f6r b\u00f6lge hi\u00e7 t\u0131ra\u015flanmaz ve al\u0131nan k\u00f6kler (maksimum 1500 k\u00f6k) belirlenen alana ekilir.<\/p>\n<h2>Tra\u015fs\u0131z Sa\u00e7 Ekimi Avantajlar\u0131<\/h2>\n<ol>\n<li>Sosyal hayatta aktif olanlar bak\u0131m\u0131ndan (kamu g\u00f6revlisi, akt\u00f6r, sanat\u00e7\u0131 vb.) g\u00fcndelik ya\u015fama daha h\u0131zl\u0131 d\u00f6nme iste\u011fi.<\/li>\n<li>Sa\u00e7lar\u0131n\u0131 kestirmek istemeyip d\u00f6k\u00fclme alan\u0131 daha k\u00fc\u00e7\u00fck olan ki\u015filer tercih edebilir.<\/li>\n<li>Bu operasyonda iyile\u015fme s\u00fcresi daha h\u0131zl\u0131d\u0131r.<\/li>\n<li>Hi\u00e7bir \u015fekilde tra\u015flanma gerekmemektedir.<\/li>\n<\/ol>\n<h2>Tra\u015fs\u0131z Sa\u00e7 Ekimi Dezavantajlar\u0131<\/h2>\n<ol>\n<li>Bu i\u015flemin en \u00f6nemli dezavantaj\u0131 \u00e7ok y\u00fcksek bir deneyim ve uzmanl\u0131k gerektirmesidir.<\/li>\n<li>T\u0131ra\u015fs\u0131z sa\u00e7 ekimi sadece uzun sa\u00e7l\u0131 ve orta uzunlukta sa\u00e7lar\u0131 olan ki\u015filere uygulanabilmektedir.<\/li>\n<li>Bu i\u015flem di\u011fer operasyonlara oranla daha uzun s\u00fcrmekte olup daha fazla maliyet gerektirir.<\/li>\n<li>Di\u011fer y\u00f6ntemlerdeki gibi \u015fok d\u00f6k\u00fclme olay\u0131 ger\u00e7ekle\u015febilir.<\/li>\n<\/ol>\n<\/div>\n<\/div>\n<\/div>\n<\/div>\n<\/div>\t\t\t\t\t\t\t\t<\/div>\n\t\t\t\t<\/div>\n\t\t\t\t\t<\/div>\n\t\t\t\t<\/div>\n\t\t<div class=\"elementor-element elementor-element-a89d8c5 e-con-full e-flex e-con e-parent\" data-id=\"a89d8c5\" data-element_type=\"container\" data-settings=\"{&quot;_ha_eqh_enable&quot;:false}\">\n\t\t<div class=\"elementor-element elementor-element-1763470 e-con-full e-flex e-con e-child\" data-id=\"1763470\" data-element_type=\"container\" data-settings=\"{&quot;background_background&quot;:&quot;classic&quot;,&quot;_ha_eqh_enable&quot;:false}\">\n\t\t<div class=\"elementor-element elementor-element-37dda71 e-con-full e-flex e-con e-child\" data-id=\"37dda71\" data-element_type=\"container\" data-settings=\"{&quot;_ha_eqh_enable&quot;:false}\">\n\t\t<div class=\"elementor-element elementor-element-79c73ab e-con-full e-flex e-con e-child\" data-id=\"79c73ab\" data-element_type=\"container\" data-settings=\"{&quot;_ha_eqh_enable&quot;:false}\">\n\t\t\t\t<div class=\"elementor-element elementor-element-293a88c elementor-widget elementor-widget-heading\" data-id=\"293a88c\" data-element_type=\"widget\" data-widget_type=\"heading.default\">\n\t\t\t\t<div class=\"elementor-widget-container\">\n\t\t\t\t\t<h2 class=\"elementor-heading-title elementor-size-default\">A\u011fr\u0131s\u0131z ve Tra\u015fs\u0131z Sa\u00e7 Ekimi \u0130\u00e7in Hemen Ba\u015fvur!<\/h2>\t\t\t\t<\/div>\n\t\t\t\t<\/div>\n\t\t\t\t<\/div>\n\t\t\t\t<\/div>\n\t\t\t\t<\/div>\n\t\t<div class=\"elementor-element elementor-element-9b8cf19 e-con-full e-flex e-con e-child\" data-id=\"9b8cf19\" data-element_type=\"container\" data-settings=\"{&quot;background_background&quot;:&quot;classic&quot;,&quot;_ha_eqh_enable&quot;:false}\">\n\t\t<div class=\"elementor-element elementor-element-e3c6aea e-con-full e-flex e-con e-child\" data-id=\"e3c6aea\" data-element_type=\"container\" data-settings=\"{&quot;_ha_eqh_enable&quot;:false}\">\n\t\t<div class=\"elementor-element elementor-element-b24a199 e-con-full e-flex e-con e-child\" data-id=\"b24a199\" data-element_type=\"container\" data-settings=\"{&quot;_ha_eqh_enable&quot;:false}\">\n\t\t\t\t<div class=\"elementor-element elementor-element-bc7b1fd elementor-widget elementor-widget-heading\" data-id=\"bc7b1fd\" data-element_type=\"widget\" data-widget_type=\"heading.default\">\n\t\t\t\t<div class=\"elementor-widget-container\">\n\t\t\t\t\t<h2 class=\"elementor-heading-title elementor-size-default\">Sohbete Ba\u015flay\u0131n!<\/h2>\t\t\t\t<\/div>\n\t\t\t\t<\/div>\n\t\t\t\t<div class=\"elementor-element elementor-element-1c8e862 elementor-widget elementor-widget-text-editor\" data-id=\"1c8e862\" data-element_type=\"widget\" data-widget_type=\"text-editor.default\">\n\t\t\t\t<div class=\"elementor-widget-container\">\n\t\t\t\t\t\t\t\t\t<div class=\"nta_wa_button\" data-id=\"1023\" data-info=\"{&quot;name&quot;:&quot;Ak\\u0131n Hairtransplant&quot;,&quot;info&quot;:{&quot;number&quot;:&quot;+905387444690&quot;,&quot;title&quot;:&quot;&quot;,&quot;predefinedText&quot;:&quot;&quot;,&quot;willBeBackText&quot;:&quot;I will be back in [njwa_time_work]&quot;,&quot;dayOffsText&quot;:&quot;I will be back soon&quot;,&quot;isAlwaysAvailable&quot;:&quot;ON&quot;,&quot;daysOfWeekWorking&quot;:{&quot;sunday&quot;:{&quot;isWorkingOnDay&quot;:&quot;OFF&quot;,&quot;workHours&quot;:[{&quot;startTime&quot;:&quot;08:00&quot;,&quot;endTime&quot;:&quot;17:30&quot;}]},&quot;monday&quot;:{&quot;isWorkingOnDay&quot;:&quot;OFF&quot;,&quot;workHours&quot;:[{&quot;startTime&quot;:&quot;08:00&quot;,&quot;endTime&quot;:&quot;17:30&quot;}]},&quot;tuesday&quot;:{&quot;isWorkingOnDay&quot;:&quot;OFF&quot;,&quot;workHours&quot;:[{&quot;startTime&quot;:&quot;08:00&quot;,&quot;endTime&quot;:&quot;17:30&quot;}]},&quot;wednesday&quot;:{&quot;isWorkingOnDay&quot;:&quot;OFF&quot;,&quot;workHours&quot;:[{&quot;startTime&quot;:&quot;08:00&quot;,&quot;endTime&quot;:&quot;17:30&quot;}]},&quot;thursday&quot;:{&quot;isWorkingOnDay&quot;:&quot;OFF&quot;,&quot;workHours&quot;:[{&quot;startTime&quot;:&quot;08:00&quot;,&quot;endTime&quot;:&quot;17:30&quot;}]},&quot;friday&quot;:{&quot;isWorkingOnDay&quot;:&quot;OFF&quot;,&quot;workHours&quot;:[{&quot;startTime&quot;:&quot;08:00&quot;,&quot;endTime&quot;:&quot;17:30&quot;}]},&quot;saturday&quot;:{&quot;isWorkingOnDay&quot;:&quot;OFF&quot;,&quot;workHours&quot;:[{&quot;startTime&quot;:&quot;08:00&quot;,&quot;endTime&quot;:&quot;17:30&quot;}]}}},&quot;styles&quot;:{&quot;type&quot;:&quot;round&quot;,&quot;backgroundColor&quot;:&quot;#2DB742&quot;,&quot;textColor&quot;:&quot;#fff&quot;,&quot;label&quot;:&quot;Need Help? Chat with us&quot;,&quot;width&quot;:300,&quot;height&quot;:64},&quot;avatar&quot;:false,&quot;options&quot;:{&quot;display&quot;:{&quot;displayCondition&quot;:&quot;showAllPage&quot;,&quot;includePages&quot;:[],&quot;excludePages&quot;:[],&quot;includePosts&quot;:[],&quot;showOnDesktop&quot;:&quot;ON&quot;,&quot;showOnMobile&quot;:&quot;ON&quot;,&quot;time_symbols&quot;:&quot;h:m&quot;},&quot;styles&quot;:{&quot;title&quot;:&quot;Start a Conversation&quot;,&quot;responseText&quot;:&quot;The team typically replies in a few minutes.&quot;,&quot;description&quot;:&quot;Hi! Click one of our member below to chat on &lt;strong&gt;WhatsApp&lt;\\\/strong&gt;&quot;,&quot;backgroundColor&quot;:&quot;#2db742&quot;,&quot;textColor&quot;:&quot;#fff&quot;,&quot;titleSize&quot;:18,&quot;accountNameSize&quot;:14,&quot;descriptionTextSize&quot;:12,&quot;regularTextSize&quot;:11,&quot;scrollHeight&quot;:&quot;500&quot;,&quot;isShowScroll&quot;:&quot;OFF&quot;,&quot;isShowResponseText&quot;:&quot;OFF&quot;,&quot;isShowPoweredBy&quot;:&quot;ON&quot;,&quot;btnLabel&quot;:&quot;&quot;,&quot;btnLabelWidth&quot;:&quot;156&quot;,&quot;btnPosition&quot;:&quot;right&quot;,&quot;btnLeftDistance&quot;:&quot;30&quot;,&quot;btnRightDistance&quot;:&quot;30&quot;,&quot;btnBottomDistance&quot;:&quot;30&quot;,&quot;isShowBtnLabel&quot;:&quot;OFF&quot;,&quot;isShowGDPR&quot;:&quot;OFF&quot;,&quot;gdprContent&quot;:&quot;Please accept our &lt;a href=\\&quot;https:\\\/\\\/ninjateam.org\\\/privacy-policy\\\/\\&quot;&gt;privacy policy&lt;\\\/a&gt; first to start a conversation.&quot;},&quot;analytics&quot;:{&quot;enabledGoogle&quot;:&quot;OFF&quot;,&quot;enabledFacebook&quot;:&quot;OFF&quot;,&quot;enabledGoogleGA4&quot;:&quot;OFF&quot;}},&quot;gdprStatus&quot;:false,&quot;defaultAvatar&quot;:&quot;https:\\\/\\\/akinhairtransplant.com\\\/wp-content\\\/plugins\\\/wp-whatsapp\\\/assets\\\/img\\\/whatsapp_logo.svg&quot;}\"><\/div>\t\t\t\t\t\t\t\t<\/div>\n\t\t\t\t<\/div>\n\t\t\t\t<\/div>\n\t\t\t\t<\/div>\n\t\t\t\t<\/div>\n\t\t\t\t<\/div>\n\t\t\t\t<\/div>\n\t\t","protected":false},"excerpt":{"rendered":"<p>Tra\u015fs\u0131z Sa\u00e7 Ekimi Ki\u015finin sa\u00e7lar\u0131n\u0131 t\u0131ra\u015f etmeden don\u00f6r b\u00f6lgeden al\u0131nan sa\u00e7 k\u00f6klerinin d\u00f6k\u00fclen b\u00f6lgeye ekilmesi i\u015flemidir. Don\u00f6r b\u00f6lge ya hi\u00e7 t\u0131ra\u015flanmaz ya da al\u0131nacak k\u00f6k say\u0131s\u0131na g\u00f6re k\u0131smi bir alan t\u0131ra\u015flan\u0131r. Bu operasyon genellikle daha uzun s\u00fcren ve t\u0131ra\u015fl\u0131 sa\u00e7 ekiminden daha ince i\u015f\u00e7ilik gerektiren bir i\u015flemdir. Ki\u015fi sa\u00e7lar\u0131n\u0131 kestirmek istemedi\u011fi i\u00e7in bu y\u00f6ntemi tercih [&hellip;]<\/p>\n","protected":false},"author":1,"featured_media":0,"parent":0,"menu_order":0,"comment_status":"closed","ping_status":"closed","template":"","meta":{"_uag_custom_page_level_css":"","site-sidebar-layout":"no-sidebar","site-content-layout":"page-builder","ast-site-content-layout":"","site-content-style":"default","site-sidebar-style":"default","ast-global-header-display":"","ast-banner-title-visibility":"","ast-main-header-display":"","ast-hfb-above-header-display":"","ast-hfb-below-header-display":"","ast-hfb-mobile-header-display":"","site-post-title":"disabled","ast-breadcrumbs-content":"disabled","ast-featured-img":"disabled","footer-sml-layout":"","theme-transparent-header-meta":"enabled","adv-header-id-meta":"","stick-header-meta":"","header-above-stick-meta":"","header-main-stick-meta":"","header-below-stick-meta":"","astra-migrate-meta-layouts":"default","ast-page-background-enabled":"default","ast-page-background-meta":{"desktop":{"background-color":"var(--ast-global-color-4)","background-image":"","background-repeat":"repeat","background-position":"center center","background-size":"auto","background-attachment":"scroll","background-type":"","background-media":"","overlay-type":"","overlay-color":"","overlay-opacity":"","overlay-gradient":""},"tablet":{"background-color":"","background-image":"","background-repeat":"repeat","background-position":"center center","background-size":"auto","background-attachment":"scroll","background-type":"","background-media":"","overlay-type":"","overlay-color":"","overlay-opacity":"","overlay-gradient":""},"mobile":{"background-color":"","background-image":"","background-repeat":"repeat","background-position":"center center","background-size":"auto","background-attachment":"scroll","background-type":"","background-media":"","overlay-type":"","overlay-color":"","overlay-opacity":"","overlay-gradient":""}},"ast-content-background-meta":{"desktop":{"background-color":"var(--ast-global-color-5)","background-image":"","background-repeat":"repeat","background-position":"center center","background-size":"auto","background-attachment":"scroll","background-type":"","background-media":"","overlay-type":"","overlay-color":"","overlay-opacity":"","overlay-gradient":""},"tablet":{"background-color":"var(--ast-global-color-5)","background-image":"","background-repeat":"repeat","background-position":"center center","background-size":"auto","background-attachment":"scroll","background-type":"","background-media":"","overlay-type":"","overlay-color":"","overlay-opacity":"","overlay-gradient":""},"mobile":{"background-color":"var(--ast-global-color-5)","background-image":"","background-repeat":"repeat","background-position":"center center","background-size":"auto","background-attachment":"scroll","background-type":"","background-media":"","overlay-type":"","overlay-color":"","overlay-opacity":"","overlay-gradient":""}},"footnotes":""},"class_list":["post-1401","page","type-page","status-publish","hentry"],"uagb_featured_image_src":{"full":false,"thumbnail":false,"medium":false,"medium_large":false,"large":false,"1536x1536":false,"2048x2048":false},"uagb_author_info":{"display_name":"akinhairtransplant.com","author_link":"https:\/\/akinhairtransplant.com\/?author=1"},"uagb_comment_info":0,"uagb_excerpt":"Tra\u015fs\u0131z Sa\u00e7 Ekimi Ki\u015finin sa\u00e7lar\u0131n\u0131 t\u0131ra\u015f etmeden don\u00f6r b\u00f6lgeden al\u0131nan sa\u00e7 k\u00f6klerinin d\u00f6k\u00fclen b\u00f6lgeye ekilmesi i\u015flemidir. Don\u00f6r b\u00f6lge ya hi\u00e7 t\u0131ra\u015flanmaz ya da al\u0131nacak k\u00f6k say\u0131s\u0131na g\u00f6re k\u0131smi bir alan t\u0131ra\u015flan\u0131r. Bu operasyon genellikle daha uzun s\u00fcren ve t\u0131ra\u015fl\u0131 sa\u00e7 ekiminden daha ince i\u015f\u00e7ilik gerektiren bir i\u015flemdir. Ki\u015fi sa\u00e7lar\u0131n\u0131 kestirmek istemedi\u011fi i\u00e7in bu y\u00f6ntemi tercih&hellip;","_links":{"self":[{"href":"https:\/\/akinhairtransplant.com\/index.php?rest_route=\/wp\/v2\/pages\/1401","targetHints":{"allow":["GET"]}}],"collection":[{"href":"https:\/\/akinhairtransplant.com\/index.php?rest_route=\/wp\/v2\/pages"}],"about":[{"href":"https:\/\/akinhairtransplant.com\/index.php?rest_route=\/wp\/v2\/types\/page"}],"author":[{"embeddable":true,"href":"https:\/\/akinhairtransplant.com\/index.php?rest_route=\/wp\/v2\/users\/1"}],"replies":[{"embeddable":true,"href":"https:\/\/akinhairtransplant.com\/index.php?rest_route=%2Fwp%2Fv2%2Fcomments&post=1401"}],"version-history":[{"count":4,"href":"https:\/\/akinhairtransplant.com\/index.php?rest_route=\/wp\/v2\/pages\/1401\/revisions"}],"predecessor-version":[{"id":1406,"href":"https:\/\/akinhairtransplant.com\/index.php?rest_route=\/wp\/v2\/pages\/1401\/revisions\/1406"}],"wp:attachment":[{"href":"https:\/\/akinhairtransplant.com\/index.php?rest_route=%2Fwp%2Fv2%2Fmedia&parent=1401"}],"curies":[{"name":"wp","href":"https:\/\/api.w.org\/{rel}","templated":true}]}}