{"id":1383,"date":"2023-12-11T16:44:21","date_gmt":"2023-12-11T13:44:21","guid":{"rendered":"https:\/\/akinhairtransplant.com\/?page_id=1383"},"modified":"2023-12-11T16:47:16","modified_gmt":"2023-12-11T13:47:16","slug":"sakal-biyik-ekimi","status":"publish","type":"page","link":"https:\/\/akinhairtransplant.com\/?page_id=1383","title":{"rendered":"Sakal &#038; B\u0131y\u0131k Ekimi"},"content":{"rendered":"\t\t<div data-elementor-type=\"wp-page\" data-elementor-id=\"1383\" class=\"elementor elementor-1383\" data-elementor-settings=\"{&quot;ha_cmc_init_switcher&quot;:&quot;no&quot;}\">\n\t\t\t\t<div class=\"elementor-element elementor-element-1b6161c e-flex e-con-boxed e-con e-parent\" data-id=\"1b6161c\" data-element_type=\"container\" data-settings=\"{&quot;background_background&quot;:&quot;classic&quot;,&quot;_ha_eqh_enable&quot;:false}\">\n\t\t\t\t\t<div class=\"e-con-inner\">\n\t\t<div class=\"elementor-element elementor-element-a621323 e-con-full e-flex e-con e-child\" data-id=\"a621323\" data-element_type=\"container\" data-settings=\"{&quot;_ha_eqh_enable&quot;:false}\">\n\t\t\t\t<div class=\"elementor-element elementor-element-2ff45f2 elementor-widget elementor-widget-heading\" data-id=\"2ff45f2\" data-element_type=\"widget\" data-widget_type=\"heading.default\">\n\t\t\t\t<div class=\"elementor-widget-container\">\n\t\t\t\t\t<h2 class=\"elementor-heading-title elementor-size-default\">Sakal & B\u0131y\u0131k Ekimi<\/h2>\t\t\t\t<\/div>\n\t\t\t\t<\/div>\n\t\t\t\t<\/div>\n\t\t\t\t\t<\/div>\n\t\t\t\t<\/div>\n\t\t\t\t<section class=\"elementor-section elementor-top-section elementor-element elementor-element-0wpzcdl elementor-section-content-middle elementor-section-boxed elementor-section-height-default elementor-section-height-default\" data-id=\"0wpzcdl\" data-element_type=\"section\" data-settings=\"{&quot;background_background&quot;:&quot;classic&quot;,&quot;_ha_eqh_enable&quot;:false}\">\n\t\t\t\t\t\t<div class=\"elementor-container elementor-column-gap-no\">\n\t\t\t\t\t<div class=\"elementor-column elementor-col-50 elementor-top-column elementor-element elementor-element-ca44c59\" data-id=\"ca44c59\" data-element_type=\"column\" data-settings=\"{&quot;background_background&quot;:&quot;classic&quot;}\">\n\t\t\t<div class=\"elementor-widget-wrap elementor-element-populated\">\n\t\t\t\t\t\t<div class=\"elementor-element elementor-element-7e01216 elementor-widget elementor-widget-image\" data-id=\"7e01216\" data-element_type=\"widget\" data-widget_type=\"image.default\">\n\t\t\t\t<div class=\"elementor-widget-container\">\n\t\t\t\t\t\t\t\t\t\t\t\t\t\t\t<img fetchpriority=\"high\" decoding=\"async\" width=\"480\" height=\"640\" src=\"https:\/\/akinhairtransplant.com\/wp-content\/uploads\/2023\/12\/sakal.jpg\" class=\"attachment-full size-full wp-image-1385\" alt=\"\" srcset=\"https:\/\/akinhairtransplant.com\/wp-content\/uploads\/2023\/12\/sakal.jpg 480w, https:\/\/akinhairtransplant.com\/wp-content\/uploads\/2023\/12\/sakal-225x300.jpg 225w\" sizes=\"(max-width: 480px) 100vw, 480px\" \/>\t\t\t\t\t\t\t\t\t\t\t\t\t\t\t<\/div>\n\t\t\t\t<\/div>\n\t\t\t\t\t<\/div>\n\t\t<\/div>\n\t\t\t\t<div class=\"elementor-column elementor-col-50 elementor-top-column elementor-element elementor-element-258231d\" data-id=\"258231d\" data-element_type=\"column\">\n\t\t\t<div class=\"elementor-widget-wrap elementor-element-populated\">\n\t\t\t\t\t\t<div class=\"elementor-element elementor-element-4f6265e elementor-widget elementor-widget-text-editor\" data-id=\"4f6265e\" data-element_type=\"widget\" data-widget_type=\"text-editor.default\">\n\t\t\t\t<div class=\"elementor-widget-container\">\n\t\t\t\t\t\t\t\t\t<p>Erkeklerin gu\u0308nu\u0308mu\u0308zde sac\u0327 ekimi kadar s\u0131k gerc\u0327ekles\u0327tirdig\u0306i bir dig\u0306er operasyon da sakal ekimi operasyonlar\u0131d\u0131r.<\/p>\t\t\t\t\t\t\t\t<\/div>\n\t\t\t\t<\/div>\n\t\t\t\t<div class=\"elementor-element elementor-element-1401102 elementor-widget elementor-widget-heading\" data-id=\"1401102\" data-element_type=\"widget\" data-widget_type=\"heading.default\">\n\t\t\t\t<div class=\"elementor-widget-container\">\n\t\t\t\t\t<h2 class=\"elementor-heading-title elementor-size-default\">Erkeklerde Sakal Do\u0308ku\u0308lmesinin Sebepleri<\/h2>\t\t\t\t<\/div>\n\t\t\t\t<\/div>\n\t\t\t\t<div class=\"elementor-element elementor-element-63c02a2 elementor-widget elementor-widget-text-editor\" data-id=\"63c02a2\" data-element_type=\"widget\" data-widget_type=\"text-editor.default\">\n\t\t\t\t<div class=\"elementor-widget-container\">\n\t\t\t\t\t\t\t\t\t<ol><li>Sag\u0306l\u0131ks\u0131z ve du\u0308zensiz beslenme<\/li><li>As\u0327\u0131r\u0131 stres<\/li><li>Hormonlar ile<\/li><li>Hastan\u0131n t\u0131bbi o\u0308yku\u0308su\u0308ndeki rahats\u0131zl\u0131klar<\/li><li>Deri rahats\u0131zl\u0131klar\u0131<\/li><li>Gec\u0327irilen kaza sonucu al\u0131nan darbelerden yas\u0327anan kay\u0131plar<\/li><li>Yara ya da yan\u0131k sonucu olus\u0327an kay\u0131plardan dolay\u0131 do\u0308ku\u0308lmeler<\/li><\/ol>\t\t\t\t\t\t\t\t<\/div>\n\t\t\t\t<\/div>\n\t\t\t\t<div class=\"elementor-element elementor-element-7a2d1e6 elementor-widget-divider--view-line elementor-widget elementor-widget-divider\" data-id=\"7a2d1e6\" data-element_type=\"widget\" data-widget_type=\"divider.default\">\n\t\t\t\t<div class=\"elementor-widget-container\">\n\t\t\t\t\t\t\t<div class=\"elementor-divider\">\n\t\t\t<span class=\"elementor-divider-separator\">\n\t\t\t\t\t\t<\/span>\n\t\t<\/div>\n\t\t\t\t\t\t<\/div>\n\t\t\t\t<\/div>\n\t\t\t\t\t<\/div>\n\t\t<\/div>\n\t\t\t\t\t<\/div>\n\t\t<\/section>\n\t\t<div class=\"elementor-element elementor-element-2afbb48 e-flex e-con-boxed e-con e-parent\" data-id=\"2afbb48\" data-element_type=\"container\" data-settings=\"{&quot;_ha_eqh_enable&quot;:false}\">\n\t\t\t\t\t<div class=\"e-con-inner\">\n\t\t\t\t<div class=\"elementor-element elementor-element-fe0c0fe elementor-widget elementor-widget-heading\" data-id=\"fe0c0fe\" data-element_type=\"widget\" data-widget_type=\"heading.default\">\n\t\t\t\t<div class=\"elementor-widget-container\">\n\t\t\t\t\t<h2 class=\"elementor-heading-title elementor-size-default\">Sakal Ekimi Su\u0308reci<\/h2>\t\t\t\t<\/div>\n\t\t\t\t<\/div>\n\t\t\t\t<div class=\"elementor-element elementor-element-8123230 elementor-widget elementor-widget-text-editor\" data-id=\"8123230\" data-element_type=\"widget\" data-widget_type=\"text-editor.default\">\n\t\t\t\t<div class=\"elementor-widget-container\">\n\t\t\t\t\t\t\t\t\t<div class=\"section\"><div class=\"layoutArea\"><div class=\"column\"><div class=\"layoutArea\"><div class=\"column\"><p>Dono\u0308r bo\u0308lgedeki (ense) sac\u0327 ko\u0308klerinin al\u0131narak c\u0327ene, yanak ve b\u0131y\u0131k bo\u0308lgelerine ekilmesi is\u0327lemidir.<\/p><\/div><\/div><div class=\"layoutArea\"><div class=\"column\"><p>Sakal ve b\u0131y\u0131k ekiminde seyrek bo\u0308lgelere nakledilecek ko\u0308kler ile s\u0131klas\u0327t\u0131rma is\u0327lemi yap\u0131labileceg\u0306i gibi, hic\u0327 sac\u0327 ko\u0308ku\u0308 olmayan bo\u0308lgelere de ekim yap\u0131labilir. Bo\u0308ylece, kis\u0327inin istedig\u0306i sakal-b\u0131y\u0131k s\u0327ekline ulas\u0327\u0131lmaya c\u0327al\u0131s\u0327\u0131l\u0131r.<\/p><\/div><\/div><div class=\"section\"><div class=\"layoutArea\"><div class=\"column\"><ol><li>Sakal ve b\u0131y\u0131k ekiminde s\u00fcre\u00e7 ayn\u0131 sa\u00e7 ekimi i\u015fleminde oldu\u011fu gibi ilerler.<\/li><li>Hastan\u0131n don\u00f6r b\u00f6lgesinden al\u0131nan k\u00f6kler planlanan y\u00fcz b\u00f6lgesine ekilir.<\/li><li>Daha do\u011fal g\u00f6r\u00fcn\u00fcm kazanmak i\u00e7in genellikle tekli k\u00f6kler belirlenen alana ekilir.<\/li><li>Operasyon sonras\u0131 ilk g\u00fcn kat\u0131 yemek t\u00fcketilmemesine \u00f6zen g\u00f6sterilmelidir.<\/li><li>Operasyon sonras\u0131 2. g\u00fcn ilk y\u0131kama, uzmanlar\u0131m\u0131z taraf\u0131ndan ger\u00e7ekle\u015ftirilir ve bu konuda ki\u015fi bilgilendirilir.<\/li><li>Sakallar\u0131n \u00e7\u0131k\u0131\u015f s\u00fcreci 3.ay itibariyle ba\u015flar ve k\u00f6klerin ortalama %30\u2019u \u00e7\u0131km\u0131\u015f olur. 6.ay sonras\u0131nda ise k\u00f6klerin %50 ile %60\u2019\u0131 \u00e7\u0131km\u0131\u015f olur.<\/li><li>Sakal ekiminde \u00e7\u0131kma s\u00fcreci sa\u00e7lar ile ayn\u0131 orant\u0131l\u0131d\u0131r ve ortalama 12 ayda s\u00fcre\u00e7 tamamlan\u0131r.<\/li><li>Sakal ve b\u0131y\u0131k ekiminde en \u00e7ok dikkat edilmesi gereken husus, ilk 6 ay boyunca ustura ve jilet t\u0131ra\u015f\u0131 olmamakt\u0131r.<\/li><li>\u0130\u015flem bitiminden 2 ay sonra makine ile k\u0131saltma i\u015flemi yap\u0131labilir.<\/li><li>K\u00f6klerin daha h\u0131zl\u0131 ve sa\u011fl\u0131kl\u0131 b\u00fcy\u00fcmesi i\u00e7in PRP ve Mezoterapi gibi ek tedaviler \u00f6nerilmektedir.<\/li><\/ol><\/div><\/div><\/div><\/div><\/div><\/div>\t\t\t\t\t\t\t\t<\/div>\n\t\t\t\t<\/div>\n\t\t\t\t\t<\/div>\n\t\t\t\t<\/div>\n\t\t<div class=\"elementor-element elementor-element-a89d8c5 e-con-full e-flex e-con e-parent\" data-id=\"a89d8c5\" data-element_type=\"container\" data-settings=\"{&quot;_ha_eqh_enable&quot;:false}\">\n\t\t<div class=\"elementor-element elementor-element-1763470 e-con-full e-flex e-con e-child\" data-id=\"1763470\" data-element_type=\"container\" data-settings=\"{&quot;background_background&quot;:&quot;classic&quot;,&quot;_ha_eqh_enable&quot;:false}\">\n\t\t<div class=\"elementor-element elementor-element-37dda71 e-con-full e-flex e-con e-child\" data-id=\"37dda71\" data-element_type=\"container\" data-settings=\"{&quot;_ha_eqh_enable&quot;:false}\">\n\t\t<div class=\"elementor-element elementor-element-79c73ab e-con-full e-flex e-con e-child\" data-id=\"79c73ab\" data-element_type=\"container\" data-settings=\"{&quot;_ha_eqh_enable&quot;:false}\">\n\t\t\t\t<div class=\"elementor-element elementor-element-293a88c elementor-widget elementor-widget-heading\" data-id=\"293a88c\" data-element_type=\"widget\" data-widget_type=\"heading.default\">\n\t\t\t\t<div class=\"elementor-widget-container\">\n\t\t\t\t\t<h2 class=\"elementor-heading-title elementor-size-default\">A\u011fr\u0131s\u0131z ve Tra\u015fs\u0131z Sa\u00e7 Ekimi \u0130\u00e7in Hemen Ba\u015fvur!<\/h2>\t\t\t\t<\/div>\n\t\t\t\t<\/div>\n\t\t\t\t<\/div>\n\t\t\t\t<\/div>\n\t\t\t\t<\/div>\n\t\t<div class=\"elementor-element elementor-element-9b8cf19 e-con-full e-flex e-con e-child\" data-id=\"9b8cf19\" data-element_type=\"container\" data-settings=\"{&quot;background_background&quot;:&quot;classic&quot;,&quot;_ha_eqh_enable&quot;:false}\">\n\t\t<div class=\"elementor-element elementor-element-e3c6aea e-con-full e-flex e-con e-child\" data-id=\"e3c6aea\" data-element_type=\"container\" data-settings=\"{&quot;_ha_eqh_enable&quot;:false}\">\n\t\t<div class=\"elementor-element elementor-element-b24a199 e-con-full e-flex e-con e-child\" data-id=\"b24a199\" data-element_type=\"container\" data-settings=\"{&quot;_ha_eqh_enable&quot;:false}\">\n\t\t\t\t<div class=\"elementor-element elementor-element-bc7b1fd elementor-widget elementor-widget-heading\" data-id=\"bc7b1fd\" data-element_type=\"widget\" data-widget_type=\"heading.default\">\n\t\t\t\t<div class=\"elementor-widget-container\">\n\t\t\t\t\t<h2 class=\"elementor-heading-title elementor-size-default\">Sohbete Ba\u015flay\u0131n!<\/h2>\t\t\t\t<\/div>\n\t\t\t\t<\/div>\n\t\t\t\t<div class=\"elementor-element elementor-element-1c8e862 elementor-widget elementor-widget-text-editor\" data-id=\"1c8e862\" data-element_type=\"widget\" data-widget_type=\"text-editor.default\">\n\t\t\t\t<div class=\"elementor-widget-container\">\n\t\t\t\t\t\t\t\t\t<div class=\"nta_wa_button\" data-id=\"1023\" data-info=\"{&quot;name&quot;:&quot;Ak\\u0131n Hairtransplant&quot;,&quot;info&quot;:{&quot;number&quot;:&quot;+905387444690&quot;,&quot;title&quot;:&quot;&quot;,&quot;predefinedText&quot;:&quot;&quot;,&quot;willBeBackText&quot;:&quot;I will be back in [njwa_time_work]&quot;,&quot;dayOffsText&quot;:&quot;I will be back soon&quot;,&quot;isAlwaysAvailable&quot;:&quot;ON&quot;,&quot;daysOfWeekWorking&quot;:{&quot;sunday&quot;:{&quot;isWorkingOnDay&quot;:&quot;OFF&quot;,&quot;workHours&quot;:[{&quot;startTime&quot;:&quot;08:00&quot;,&quot;endTime&quot;:&quot;17:30&quot;}]},&quot;monday&quot;:{&quot;isWorkingOnDay&quot;:&quot;OFF&quot;,&quot;workHours&quot;:[{&quot;startTime&quot;:&quot;08:00&quot;,&quot;endTime&quot;:&quot;17:30&quot;}]},&quot;tuesday&quot;:{&quot;isWorkingOnDay&quot;:&quot;OFF&quot;,&quot;workHours&quot;:[{&quot;startTime&quot;:&quot;08:00&quot;,&quot;endTime&quot;:&quot;17:30&quot;}]},&quot;wednesday&quot;:{&quot;isWorkingOnDay&quot;:&quot;OFF&quot;,&quot;workHours&quot;:[{&quot;startTime&quot;:&quot;08:00&quot;,&quot;endTime&quot;:&quot;17:30&quot;}]},&quot;thursday&quot;:{&quot;isWorkingOnDay&quot;:&quot;OFF&quot;,&quot;workHours&quot;:[{&quot;startTime&quot;:&quot;08:00&quot;,&quot;endTime&quot;:&quot;17:30&quot;}]},&quot;friday&quot;:{&quot;isWorkingOnDay&quot;:&quot;OFF&quot;,&quot;workHours&quot;:[{&quot;startTime&quot;:&quot;08:00&quot;,&quot;endTime&quot;:&quot;17:30&quot;}]},&quot;saturday&quot;:{&quot;isWorkingOnDay&quot;:&quot;OFF&quot;,&quot;workHours&quot;:[{&quot;startTime&quot;:&quot;08:00&quot;,&quot;endTime&quot;:&quot;17:30&quot;}]}}},&quot;styles&quot;:{&quot;type&quot;:&quot;round&quot;,&quot;backgroundColor&quot;:&quot;#2DB742&quot;,&quot;textColor&quot;:&quot;#fff&quot;,&quot;label&quot;:&quot;Need Help? Chat with us&quot;,&quot;width&quot;:300,&quot;height&quot;:64},&quot;avatar&quot;:false,&quot;options&quot;:{&quot;display&quot;:{&quot;displayCondition&quot;:&quot;showAllPage&quot;,&quot;includePages&quot;:[],&quot;excludePages&quot;:[],&quot;includePosts&quot;:[],&quot;showOnDesktop&quot;:&quot;ON&quot;,&quot;showOnMobile&quot;:&quot;ON&quot;,&quot;time_symbols&quot;:&quot;h:m&quot;},&quot;styles&quot;:{&quot;title&quot;:&quot;Start a Conversation&quot;,&quot;responseText&quot;:&quot;The team typically replies in a few minutes.&quot;,&quot;description&quot;:&quot;Hi! Click one of our member below to chat on &lt;strong&gt;WhatsApp&lt;\\\/strong&gt;&quot;,&quot;backgroundColor&quot;:&quot;#2db742&quot;,&quot;textColor&quot;:&quot;#fff&quot;,&quot;titleSize&quot;:18,&quot;accountNameSize&quot;:14,&quot;descriptionTextSize&quot;:12,&quot;regularTextSize&quot;:11,&quot;scrollHeight&quot;:&quot;500&quot;,&quot;isShowScroll&quot;:&quot;OFF&quot;,&quot;isShowResponseText&quot;:&quot;OFF&quot;,&quot;isShowPoweredBy&quot;:&quot;ON&quot;,&quot;btnLabel&quot;:&quot;&quot;,&quot;btnLabelWidth&quot;:&quot;156&quot;,&quot;btnPosition&quot;:&quot;right&quot;,&quot;btnLeftDistance&quot;:&quot;30&quot;,&quot;btnRightDistance&quot;:&quot;30&quot;,&quot;btnBottomDistance&quot;:&quot;30&quot;,&quot;isShowBtnLabel&quot;:&quot;OFF&quot;,&quot;isShowGDPR&quot;:&quot;OFF&quot;,&quot;gdprContent&quot;:&quot;Please accept our &lt;a href=\\&quot;https:\\\/\\\/ninjateam.org\\\/privacy-policy\\\/\\&quot;&gt;privacy policy&lt;\\\/a&gt; first to start a conversation.&quot;},&quot;analytics&quot;:{&quot;enabledGoogle&quot;:&quot;OFF&quot;,&quot;enabledFacebook&quot;:&quot;OFF&quot;,&quot;enabledGoogleGA4&quot;:&quot;OFF&quot;}},&quot;gdprStatus&quot;:false,&quot;defaultAvatar&quot;:&quot;https:\\\/\\\/akinhairtransplant.com\\\/wp-content\\\/plugins\\\/wp-whatsapp\\\/assets\\\/img\\\/whatsapp_logo.svg&quot;}\"><\/div>\t\t\t\t\t\t\t\t<\/div>\n\t\t\t\t<\/div>\n\t\t\t\t<\/div>\n\t\t\t\t<\/div>\n\t\t\t\t<\/div>\n\t\t\t\t<\/div>\n\t\t\t\t<\/div>\n\t\t","protected":false},"excerpt":{"rendered":"<p>Sakal &#038; B\u0131y\u0131k Ekimi Erkeklerin gu\u0308nu\u0308mu\u0308zde sac\u0327 ekimi kadar s\u0131k gerc\u0327ekles\u0327tirdig\u0306i bir dig\u0306er operasyon da sakal ekimi operasyonlar\u0131d\u0131r. Erkeklerde Sakal Do\u0308ku\u0308lmesinin Sebepleri Sag\u0306l\u0131ks\u0131z ve du\u0308zensiz beslenme As\u0327\u0131r\u0131 stres Hormonlar ile Hastan\u0131n t\u0131bbi o\u0308yku\u0308su\u0308ndeki rahats\u0131zl\u0131klar Deri rahats\u0131zl\u0131klar\u0131 Gec\u0327irilen kaza sonucu al\u0131nan darbelerden yas\u0327anan kay\u0131plar Yara ya da yan\u0131k sonucu olus\u0327an kay\u0131plardan dolay\u0131 do\u0308ku\u0308lmeler Sakal Ekimi Su\u0308reci [&hellip;]<\/p>\n","protected":false},"author":1,"featured_media":0,"parent":0,"menu_order":0,"comment_status":"closed","ping_status":"closed","template":"","meta":{"_uag_custom_page_level_css":"","site-sidebar-layout":"no-sidebar","site-content-layout":"page-builder","ast-site-content-layout":"","site-content-style":"default","site-sidebar-style":"default","ast-global-header-display":"","ast-banner-title-visibility":"","ast-main-header-display":"","ast-hfb-above-header-display":"","ast-hfb-below-header-display":"","ast-hfb-mobile-header-display":"","site-post-title":"disabled","ast-breadcrumbs-content":"disabled","ast-featured-img":"disabled","footer-sml-layout":"","theme-transparent-header-meta":"enabled","adv-header-id-meta":"","stick-header-meta":"","header-above-stick-meta":"","header-main-stick-meta":"","header-below-stick-meta":"","astra-migrate-meta-layouts":"default","ast-page-background-enabled":"default","ast-page-background-meta":{"desktop":{"background-color":"var(--ast-global-color-4)","background-image":"","background-repeat":"repeat","background-position":"center center","background-size":"auto","background-attachment":"scroll","background-type":"","background-media":"","overlay-type":"","overlay-color":"","overlay-opacity":"","overlay-gradient":""},"tablet":{"background-color":"","background-image":"","background-repeat":"repeat","background-position":"center center","background-size":"auto","background-attachment":"scroll","background-type":"","background-media":"","overlay-type":"","overlay-color":"","overlay-opacity":"","overlay-gradient":""},"mobile":{"background-color":"","background-image":"","background-repeat":"repeat","background-position":"center center","background-size":"auto","background-attachment":"scroll","background-type":"","background-media":"","overlay-type":"","overlay-color":"","overlay-opacity":"","overlay-gradient":""}},"ast-content-background-meta":{"desktop":{"background-color":"var(--ast-global-color-5)","background-image":"","background-repeat":"repeat","background-position":"center center","background-size":"auto","background-attachment":"scroll","background-type":"","background-media":"","overlay-type":"","overlay-color":"","overlay-opacity":"","overlay-gradient":""},"tablet":{"background-color":"var(--ast-global-color-5)","background-image":"","background-repeat":"repeat","background-position":"center center","background-size":"auto","background-attachment":"scroll","background-type":"","background-media":"","overlay-type":"","overlay-color":"","overlay-opacity":"","overlay-gradient":""},"mobile":{"background-color":"var(--ast-global-color-5)","background-image":"","background-repeat":"repeat","background-position":"center center","background-size":"auto","background-attachment":"scroll","background-type":"","background-media":"","overlay-type":"","overlay-color":"","overlay-opacity":"","overlay-gradient":""}},"footnotes":""},"class_list":["post-1383","page","type-page","status-publish","hentry"],"uagb_featured_image_src":{"full":false,"thumbnail":false,"medium":false,"medium_large":false,"large":false,"1536x1536":false,"2048x2048":false},"uagb_author_info":{"display_name":"akinhairtransplant.com","author_link":"https:\/\/akinhairtransplant.com\/?author=1"},"uagb_comment_info":0,"uagb_excerpt":"Sakal &#038; B\u0131y\u0131k Ekimi Erkeklerin gu\u0308nu\u0308mu\u0308zde sac\u0327 ekimi kadar s\u0131k gerc\u0327ekles\u0327tirdig\u0306i bir dig\u0306er operasyon da sakal ekimi operasyonlar\u0131d\u0131r. Erkeklerde Sakal Do\u0308ku\u0308lmesinin Sebepleri Sag\u0306l\u0131ks\u0131z ve du\u0308zensiz beslenme As\u0327\u0131r\u0131 stres Hormonlar ile Hastan\u0131n t\u0131bbi o\u0308yku\u0308su\u0308ndeki rahats\u0131zl\u0131klar Deri rahats\u0131zl\u0131klar\u0131 Gec\u0327irilen kaza sonucu al\u0131nan darbelerden yas\u0327anan kay\u0131plar Yara ya da yan\u0131k sonucu olus\u0327an kay\u0131plardan dolay\u0131 do\u0308ku\u0308lmeler Sakal Ekimi Su\u0308reci&hellip;","_links":{"self":[{"href":"https:\/\/akinhairtransplant.com\/index.php?rest_route=\/wp\/v2\/pages\/1383","targetHints":{"allow":["GET"]}}],"collection":[{"href":"https:\/\/akinhairtransplant.com\/index.php?rest_route=\/wp\/v2\/pages"}],"about":[{"href":"https:\/\/akinhairtransplant.com\/index.php?rest_route=\/wp\/v2\/types\/page"}],"author":[{"embeddable":true,"href":"https:\/\/akinhairtransplant.com\/index.php?rest_route=\/wp\/v2\/users\/1"}],"replies":[{"embeddable":true,"href":"https:\/\/akinhairtransplant.com\/index.php?rest_route=%2Fwp%2Fv2%2Fcomments&post=1383"}],"version-history":[{"count":4,"href":"https:\/\/akinhairtransplant.com\/index.php?rest_route=\/wp\/v2\/pages\/1383\/revisions"}],"predecessor-version":[{"id":1388,"href":"https:\/\/akinhairtransplant.com\/index.php?rest_route=\/wp\/v2\/pages\/1383\/revisions\/1388"}],"wp:attachment":[{"href":"https:\/\/akinhairtransplant.com\/index.php?rest_route=%2Fwp%2Fv2%2Fmedia&parent=1383"}],"curies":[{"name":"wp","href":"https:\/\/api.w.org\/{rel}","templated":true}]}}