{"id":1301,"date":"2023-12-10T06:16:14","date_gmt":"2023-12-10T03:16:14","guid":{"rendered":"https:\/\/akinhairtransplant.com\/?page_id=1301"},"modified":"2023-12-11T15:26:40","modified_gmt":"2023-12-11T12:26:40","slug":"afro-sac-ekimi","status":"publish","type":"page","link":"https:\/\/akinhairtransplant.com\/?page_id=1301","title":{"rendered":"Afro Sa\u00e7 Ekimi"},"content":{"rendered":"\t\t<div data-elementor-type=\"wp-page\" data-elementor-id=\"1301\" class=\"elementor elementor-1301\" data-elementor-settings=\"{&quot;ha_cmc_init_switcher&quot;:&quot;no&quot;}\">\n\t\t\t\t<div class=\"elementor-element elementor-element-1b6161c e-flex e-con-boxed e-con e-parent\" data-id=\"1b6161c\" data-element_type=\"container\" data-settings=\"{&quot;background_background&quot;:&quot;classic&quot;,&quot;_ha_eqh_enable&quot;:false}\">\n\t\t\t\t\t<div class=\"e-con-inner\">\n\t\t<div class=\"elementor-element elementor-element-a621323 e-con-full e-flex e-con e-child\" data-id=\"a621323\" data-element_type=\"container\" data-settings=\"{&quot;_ha_eqh_enable&quot;:false}\">\n\t\t\t\t<div class=\"elementor-element elementor-element-2ff45f2 elementor-widget elementor-widget-heading\" data-id=\"2ff45f2\" data-element_type=\"widget\" data-widget_type=\"heading.default\">\n\t\t\t\t<div class=\"elementor-widget-container\">\n\t\t\t\t\t<h2 class=\"elementor-heading-title elementor-size-default\">Afro Sa\u00e7 Ekimi<\/h2>\t\t\t\t<\/div>\n\t\t\t\t<\/div>\n\t\t\t\t<\/div>\n\t\t\t\t\t<\/div>\n\t\t\t\t<\/div>\n\t\t\t\t<section class=\"elementor-section elementor-top-section elementor-element elementor-element-0wpzcdl elementor-section-content-middle elementor-section-boxed elementor-section-height-default elementor-section-height-default\" data-id=\"0wpzcdl\" data-element_type=\"section\" data-settings=\"{&quot;background_background&quot;:&quot;classic&quot;,&quot;_ha_eqh_enable&quot;:false}\">\n\t\t\t\t\t\t<div class=\"elementor-container elementor-column-gap-no\">\n\t\t\t\t\t<div class=\"elementor-column elementor-col-50 elementor-top-column elementor-element elementor-element-ca44c59\" data-id=\"ca44c59\" data-element_type=\"column\" data-settings=\"{&quot;background_background&quot;:&quot;classic&quot;}\">\n\t\t\t<div class=\"elementor-widget-wrap elementor-element-populated\">\n\t\t\t\t\t\t<div class=\"elementor-element elementor-element-7e01216 elementor-widget elementor-widget-image\" data-id=\"7e01216\" data-element_type=\"widget\" data-widget_type=\"image.default\">\n\t\t\t\t<div class=\"elementor-widget-container\">\n\t\t\t\t\t\t\t\t\t\t\t\t\t\t\t<img fetchpriority=\"high\" decoding=\"async\" width=\"480\" height=\"640\" src=\"https:\/\/akinhairtransplant.com\/wp-content\/uploads\/2023\/12\/afro-1.jpg\" class=\"attachment-full size-full wp-image-1306\" alt=\"\" srcset=\"https:\/\/akinhairtransplant.com\/wp-content\/uploads\/2023\/12\/afro-1.jpg 480w, https:\/\/akinhairtransplant.com\/wp-content\/uploads\/2023\/12\/afro-1-225x300.jpg 225w\" sizes=\"(max-width: 480px) 100vw, 480px\" \/>\t\t\t\t\t\t\t\t\t\t\t\t\t\t\t<\/div>\n\t\t\t\t<\/div>\n\t\t\t\t\t<\/div>\n\t\t<\/div>\n\t\t\t\t<div class=\"elementor-column elementor-col-50 elementor-top-column elementor-element elementor-element-258231d\" data-id=\"258231d\" data-element_type=\"column\">\n\t\t\t<div class=\"elementor-widget-wrap elementor-element-populated\">\n\t\t\t\t\t\t<div class=\"elementor-element elementor-element-1401102 elementor-widget elementor-widget-heading\" data-id=\"1401102\" data-element_type=\"widget\" data-widget_type=\"heading.default\">\n\t\t\t\t<div class=\"elementor-widget-container\">\n\t\t\t\t\t<h2 class=\"elementor-heading-title elementor-size-default\">Afro Sa\u00e7 Ekimi<\/h2>\t\t\t\t<\/div>\n\t\t\t\t<\/div>\n\t\t\t\t<div class=\"elementor-element elementor-element-4f6265e elementor-widget elementor-widget-text-editor\" data-id=\"4f6265e\" data-element_type=\"widget\" data-widget_type=\"text-editor.default\">\n\t\t\t\t<div class=\"elementor-widget-container\">\n\t\t\t\t\t\t\t\t\t<p>Sac\u0327 do\u0308ku\u0308lmesi kad\u0131n erkek herkesin istemeyeceg\u0306i bir sorundur. Gu\u0308nu\u0308mu\u0308z teknolojisi ile sac\u0327 do\u0308ku\u0308lmesinin kal\u0131c\u0131 c\u0327o\u0308zu\u0308mlerle sonland\u0131r\u0131ld\u0131g\u0306\u0131 bu\u0308yu\u0308k bir gerc\u0327ektir.<\/p><div class=\"page\" title=\"Page 3\"><div class=\"section\"><div class=\"layoutArea\"><div class=\"column\"><p>Afro sac\u0327 ekimi dig\u0306er sac\u0327 ekimi operasyonlar\u0131ndan biraz farkl\u0131d\u0131r. Afro sac\u0327, s\u0131k\u0131 bukleleri temsil eder ve bilinen Asya ve Kafkas sac\u0327 tipiyle hic\u0327bir ilgisi yoktur. Dolay\u0131s\u0131yla bu sac\u0327 tipi dig\u0306er sac\u0327lara go\u0308re daha karakteristiktir ve sac\u0327 derisine paralel olarak uzamaya devam eder. Bu da afro sac\u0327lar\u0131n dig\u0306er sac\u0327 tiplerine go\u0308re c\u0327ok daha yavas\u0327 uzad\u0131g\u0306\u0131n\u0131n o\u0308nemli bir go\u0308stergesidir.<\/p><p>Afro sa\u00e7 ekimi i\u015fleminde ekilen sa\u00e7 k\u00f6kleri don\u00f6r b\u00f6lgesinden al\u0131n\u0131r(ense). Al\u0131nan k\u00f6kler genellikle k\u0131v\u0131rc\u0131k k\u00f6kler olur. Bu k\u00f6kleri alacak uzman\u0131n gerekli tecr\u00fcbeye ve bilgiye sahip olmas\u0131 gerekmektedir. \u00c7\u00fcnk\u00fc al\u0131m planlanmas\u0131 di\u011fer sa\u00e7 ekim y\u00f6ntemlerine g\u00f6re farkl\u0131 ve zahmetlidir.<\/p><p>Afro sa\u00e7 k\u00f6kleri di\u011fer sa\u00e7 k\u00f6klerine oranla daha kal\u0131n ve k\u0131v\u0131rc\u0131k g\u00f6r\u00fcn\u00fcml\u00fc oldu\u011fu i\u00e7in daha az k\u00f6k say\u0131s\u0131 ile daha yo\u011fun bir ekim olana\u011f\u0131 sunmaktad\u0131r.<\/p><p>Afro sa\u00e7 ekimi i\u015fleminde g\u00fcn\u00fcm\u00fczde en \u00e7ok tercih edilen FUE tekni\u011fi uygulanabilmektedir.<\/p><\/div><\/div><\/div><\/div>\t\t\t\t\t\t\t\t<\/div>\n\t\t\t\t<\/div>\n\t\t\t\t<div class=\"elementor-element elementor-element-7a2d1e6 elementor-widget-divider--view-line elementor-widget elementor-widget-divider\" data-id=\"7a2d1e6\" data-element_type=\"widget\" data-widget_type=\"divider.default\">\n\t\t\t\t<div class=\"elementor-widget-container\">\n\t\t\t\t\t\t\t<div class=\"elementor-divider\">\n\t\t\t<span class=\"elementor-divider-separator\">\n\t\t\t\t\t\t<\/span>\n\t\t<\/div>\n\t\t\t\t\t\t<\/div>\n\t\t\t\t<\/div>\n\t\t\t\t<div class=\"elementor-element elementor-element-ac183e8 elementor-widget elementor-widget-heading\" data-id=\"ac183e8\" data-element_type=\"widget\" data-widget_type=\"heading.default\">\n\t\t\t\t<div class=\"elementor-widget-container\">\n\t\t\t\t\t<h2 class=\"elementor-heading-title elementor-size-default\">Afro Sa\u00e7 Ekimi S\u00fcreci<\/h2>\t\t\t\t<\/div>\n\t\t\t\t<\/div>\n\t\t\t\t<div class=\"elementor-element elementor-element-4f39038 elementor-widget elementor-widget-heading\" data-id=\"4f39038\" data-element_type=\"widget\" data-widget_type=\"heading.default\">\n\t\t\t\t<div class=\"elementor-widget-container\">\n\t\t\t\t\t<h3 class=\"elementor-heading-title elementor-size-default\">\u00d6n Haz\u0131rl\u0131k<\/h3>\t\t\t\t<\/div>\n\t\t\t\t<\/div>\n\t\t\t\t<div class=\"elementor-element elementor-element-ea326d2 elementor-tablet-align-left elementor-icon-list--layout-traditional elementor-list-item-link-full_width elementor-widget elementor-widget-icon-list\" data-id=\"ea326d2\" data-element_type=\"widget\" data-widget_type=\"icon-list.default\">\n\t\t\t\t<div class=\"elementor-widget-container\">\n\t\t\t\t\t\t\t<ul class=\"elementor-icon-list-items\">\n\t\t\t\t\t\t\t<li class=\"elementor-icon-list-item\">\n\t\t\t\t\t\t\t\t\t\t\t<span class=\"elementor-icon-list-icon\">\n\t\t\t\t\t\t\t<i aria-hidden=\"true\" class=\"hm hm-angle-right\"><\/i>\t\t\t\t\t\t<\/span>\n\t\t\t\t\t\t\t\t\t\t<span class=\"elementor-icon-list-text\">Sa\u00e7 Ekim plan\u0131n\u0131n Sa\u00e7 ekimi uzmanlar\u0131m\u0131z taraf\u0131ndan analiz edilmesi ve operasyon i\u00e7in belirli kan tahlilleri yap\u0131lmas\u0131d\u0131r.<\/span>\n\t\t\t\t\t\t\t\t\t<\/li>\n\t\t\t\t\t\t<\/ul>\n\t\t\t\t\t\t<\/div>\n\t\t\t\t<\/div>\n\t\t\t\t<div class=\"elementor-element elementor-element-64160d6 elementor-widget elementor-widget-heading\" data-id=\"64160d6\" data-element_type=\"widget\" data-widget_type=\"heading.default\">\n\t\t\t\t<div class=\"elementor-widget-container\">\n\t\t\t\t\t<h3 class=\"elementor-heading-title elementor-size-default\">Anestezi<\/h3>\t\t\t\t<\/div>\n\t\t\t\t<\/div>\n\t\t\t\t<div class=\"elementor-element elementor-element-e744781 elementor-tablet-align-left elementor-icon-list--layout-traditional elementor-list-item-link-full_width elementor-widget elementor-widget-icon-list\" data-id=\"e744781\" data-element_type=\"widget\" data-widget_type=\"icon-list.default\">\n\t\t\t\t<div class=\"elementor-widget-container\">\n\t\t\t\t\t\t\t<ul class=\"elementor-icon-list-items\">\n\t\t\t\t\t\t\t<li class=\"elementor-icon-list-item\">\n\t\t\t\t\t\t\t\t\t\t\t<span class=\"elementor-icon-list-icon\">\n\t\t\t\t\t\t\t<i aria-hidden=\"true\" class=\"hm hm-angle-right\"><\/i>\t\t\t\t\t\t<\/span>\n\t\t\t\t\t\t\t\t\t\t<span class=\"elementor-icon-list-text\">A\u011fr\u0131s\u0131z anestezi cihaz\u0131 ile Ki\u015fiye operasyon \u00f6ncesinde b\u00f6lgesel olarak lokal anestezi yap\u0131l\u0131r. Ki\u015finin durumuna ve iste\u011fine ba\u011fl\u0131 olarak anestezi uzmanlar\u0131m\u0131z taraf\u0131ndan sedasyon yap\u0131l\u0131r.<\/span>\n\t\t\t\t\t\t\t\t\t<\/li>\n\t\t\t\t\t\t<\/ul>\n\t\t\t\t\t\t<\/div>\n\t\t\t\t<\/div>\n\t\t\t\t<div class=\"elementor-element elementor-element-6c7368d elementor-widget elementor-widget-heading\" data-id=\"6c7368d\" data-element_type=\"widget\" data-widget_type=\"heading.default\">\n\t\t\t\t<div class=\"elementor-widget-container\">\n\t\t\t\t\t<h3 class=\"elementor-heading-title elementor-size-default\">Don\u00f6r B\u00f6lgeden Sa\u00e7 K\u00f6klerin Toplanmas\u0131 Ve Al\u0131nmas\u0131<\/h3>\t\t\t\t<\/div>\n\t\t\t\t<\/div>\n\t\t\t\t<div class=\"elementor-element elementor-element-7d57af9 elementor-tablet-align-left elementor-icon-list--layout-traditional elementor-list-item-link-full_width elementor-widget elementor-widget-icon-list\" data-id=\"7d57af9\" data-element_type=\"widget\" data-widget_type=\"icon-list.default\">\n\t\t\t\t<div class=\"elementor-widget-container\">\n\t\t\t\t\t\t\t<ul class=\"elementor-icon-list-items\">\n\t\t\t\t\t\t\t<li class=\"elementor-icon-list-item\">\n\t\t\t\t\t\t\t\t\t\t\t<span class=\"elementor-icon-list-icon\">\n\t\t\t\t\t\t\t<i aria-hidden=\"true\" class=\"hm hm-angle-right\"><\/i>\t\t\t\t\t\t<\/span>\n\t\t\t\t\t\t\t\t\t\t<span class=\"elementor-icon-list-text\">Ki\u015finin planlanan don\u00f6r b\u00f6lgeden mikro motor yard\u0131m\u0131 ile tek tek toplanmas\u0131 i\u015flemidir. K\u00f6kler tekli ve \u00e7oklu olarak ayr\u0131\u015ft\u0131r\u0131larak \u00f6zel solisyonda muhafaza edilir.<\/span>\n\t\t\t\t\t\t\t\t\t<\/li>\n\t\t\t\t\t\t<\/ul>\n\t\t\t\t\t\t<\/div>\n\t\t\t\t<\/div>\n\t\t\t\t<div class=\"elementor-element elementor-element-1a0eb5d elementor-widget elementor-widget-heading\" data-id=\"1a0eb5d\" data-element_type=\"widget\" data-widget_type=\"heading.default\">\n\t\t\t\t<div class=\"elementor-widget-container\">\n\t\t\t\t\t<h3 class=\"elementor-heading-title elementor-size-default\">K\u00f6klerin Ekilece\u011fi Alanlar\u0131n Olu\u015fturulmas\u0131<\/h3>\t\t\t\t<\/div>\n\t\t\t\t<\/div>\n\t\t\t\t<div class=\"elementor-element elementor-element-25e43bb elementor-tablet-align-left elementor-icon-list--layout-traditional elementor-list-item-link-full_width elementor-widget elementor-widget-icon-list\" data-id=\"25e43bb\" data-element_type=\"widget\" data-widget_type=\"icon-list.default\">\n\t\t\t\t<div class=\"elementor-widget-container\">\n\t\t\t\t\t\t\t<ul class=\"elementor-icon-list-items\">\n\t\t\t\t\t\t\t<li class=\"elementor-icon-list-item\">\n\t\t\t\t\t\t\t\t\t\t\t<span class=\"elementor-icon-list-icon\">\n\t\t\t\t\t\t\t<i aria-hidden=\"true\" class=\"hm hm-angle-right\"><\/i>\t\t\t\t\t\t<\/span>\n\t\t\t\t\t\t\t\t\t\t<span class=\"elementor-icon-list-text\">Ki\u015finin al\u0131n kas yap\u0131s\u0131na ba\u011fl\u0131 olarak \u00e7izilen sa\u00e7 \u00e7izgisinden itibaren belirlenen bo\u015f alanlara yakla\u015f\u0131k olarak 40-45 derecelik a\u00e7\u0131lar ile t\u0131bb\u0131 g\u00f6zeneklerin a\u00e7\u0131lma i\u015flemidir.<\/span>\n\t\t\t\t\t\t\t\t\t<\/li>\n\t\t\t\t\t\t<\/ul>\n\t\t\t\t\t\t<\/div>\n\t\t\t\t<\/div>\n\t\t\t\t<div class=\"elementor-element elementor-element-c8fdc31 elementor-widget elementor-widget-heading\" data-id=\"c8fdc31\" data-element_type=\"widget\" data-widget_type=\"heading.default\">\n\t\t\t\t<div class=\"elementor-widget-container\">\n\t\t\t\t\t<h3 class=\"elementor-heading-title elementor-size-default\">Sa\u00e7 K\u00f6klerinin Ekilmesi<\/h3>\t\t\t\t<\/div>\n\t\t\t\t<\/div>\n\t\t\t\t<div class=\"elementor-element elementor-element-79aaac6 elementor-tablet-align-left elementor-icon-list--layout-traditional elementor-list-item-link-full_width elementor-widget elementor-widget-icon-list\" data-id=\"79aaac6\" data-element_type=\"widget\" data-widget_type=\"icon-list.default\">\n\t\t\t\t<div class=\"elementor-widget-container\">\n\t\t\t\t\t\t\t<ul class=\"elementor-icon-list-items\">\n\t\t\t\t\t\t\t<li class=\"elementor-icon-list-item\">\n\t\t\t\t\t\t\t\t\t\t\t<span class=\"elementor-icon-list-icon\">\n\t\t\t\t\t\t\t<i aria-hidden=\"true\" class=\"hm hm-angle-right\"><\/i>\t\t\t\t\t\t<\/span>\n\t\t\t\t\t\t\t\t\t\t<span class=\"elementor-icon-list-text\">Belirlenen sa\u00e7 \u00e7izgisinden ba\u015flayarak do\u011fal g\u00f6r\u00fcn\u00fcm sa\u011flamak amac\u0131yla \u00f6n b\u00f6lgeye tekli k\u00f6k ekilir, \u00e7oklu k\u00f6klerin ise kar\u0131\u015ft\u0131r\u0131larak di\u011fer b\u00f6lgelere ekilmesidir.<\/span>\n\t\t\t\t\t\t\t\t\t<\/li>\n\t\t\t\t\t\t<\/ul>\n\t\t\t\t\t\t<\/div>\n\t\t\t\t<\/div>\n\t\t\t\t<div class=\"elementor-element elementor-element-b105982 elementor-widget elementor-widget-heading\" data-id=\"b105982\" data-element_type=\"widget\" data-widget_type=\"heading.default\">\n\t\t\t\t<div class=\"elementor-widget-container\">\n\t\t\t\t\t<h3 class=\"elementor-heading-title elementor-size-default\">\u0130\u015flem Sonu ve Bilgilendirme<\/h3>\t\t\t\t<\/div>\n\t\t\t\t<\/div>\n\t\t\t\t<div class=\"elementor-element elementor-element-f46a9f4 elementor-tablet-align-left elementor-icon-list--layout-traditional elementor-list-item-link-full_width elementor-widget elementor-widget-icon-list\" data-id=\"f46a9f4\" data-element_type=\"widget\" data-widget_type=\"icon-list.default\">\n\t\t\t\t<div class=\"elementor-widget-container\">\n\t\t\t\t\t\t\t<ul class=\"elementor-icon-list-items\">\n\t\t\t\t\t\t\t<li class=\"elementor-icon-list-item\">\n\t\t\t\t\t\t\t\t\t\t\t<span class=\"elementor-icon-list-icon\">\n\t\t\t\t\t\t\t<i aria-hidden=\"true\" class=\"hm hm-angle-right\"><\/i>\t\t\t\t\t\t<\/span>\n\t\t\t\t\t\t\t\t\t\t<span class=\"elementor-icon-list-text\">Operasyon bitiminde k\u00f6k al\u0131nan yerlerin pansuman\u0131 yap\u0131l\u0131r. Ekim yap\u0131lan b\u00f6lgeye herhangi bir i\u015flem uygulanmaz.Operasyon sonras\u0131 uzmanlar taraf\u0131ndan hastan\u0131n takibi yap\u0131larak bir senelik s\u00fcre\u00e7te tedavileri devam eder.<\/span>\n\t\t\t\t\t\t\t\t\t<\/li>\n\t\t\t\t\t\t<\/ul>\n\t\t\t\t\t\t<\/div>\n\t\t\t\t<\/div>\n\t\t\t\t\t<\/div>\n\t\t<\/div>\n\t\t\t\t\t<\/div>\n\t\t<\/section>\n\t\t\t\t<\/div>\n\t\t","protected":false},"excerpt":{"rendered":"<p>Afro Sa\u00e7 Ekimi Afro Sa\u00e7 Ekimi Sac\u0327 do\u0308ku\u0308lmesi kad\u0131n erkek herkesin istemeyeceg\u0306i bir sorundur. Gu\u0308nu\u0308mu\u0308z teknolojisi ile sac\u0327 do\u0308ku\u0308lmesinin kal\u0131c\u0131 c\u0327o\u0308zu\u0308mlerle sonland\u0131r\u0131ld\u0131g\u0306\u0131 bu\u0308yu\u0308k bir gerc\u0327ektir. Afro sac\u0327 ekimi dig\u0306er sac\u0327 ekimi operasyonlar\u0131ndan biraz farkl\u0131d\u0131r. Afro sac\u0327, s\u0131k\u0131 bukleleri temsil eder ve bilinen Asya ve Kafkas sac\u0327 tipiyle hic\u0327bir ilgisi yoktur. Dolay\u0131s\u0131yla bu sac\u0327 tipi dig\u0306er [&hellip;]<\/p>\n","protected":false},"author":1,"featured_media":0,"parent":0,"menu_order":0,"comment_status":"closed","ping_status":"closed","template":"","meta":{"_uag_custom_page_level_css":"","site-sidebar-layout":"no-sidebar","site-content-layout":"page-builder","ast-site-content-layout":"","site-content-style":"default","site-sidebar-style":"default","ast-global-header-display":"","ast-banner-title-visibility":"","ast-main-header-display":"","ast-hfb-above-header-display":"","ast-hfb-below-header-display":"","ast-hfb-mobile-header-display":"","site-post-title":"disabled","ast-breadcrumbs-content":"disabled","ast-featured-img":"disabled","footer-sml-layout":"","theme-transparent-header-meta":"enabled","adv-header-id-meta":"","stick-header-meta":"","header-above-stick-meta":"","header-main-stick-meta":"","header-below-stick-meta":"","astra-migrate-meta-layouts":"default","ast-page-background-enabled":"default","ast-page-background-meta":{"desktop":{"background-color":"var(--ast-global-color-4)","background-image":"","background-repeat":"repeat","background-position":"center center","background-size":"auto","background-attachment":"scroll","background-type":"","background-media":"","overlay-type":"","overlay-color":"","overlay-opacity":"","overlay-gradient":""},"tablet":{"background-color":"","background-image":"","background-repeat":"repeat","background-position":"center center","background-size":"auto","background-attachment":"scroll","background-type":"","background-media":"","overlay-type":"","overlay-color":"","overlay-opacity":"","overlay-gradient":""},"mobile":{"background-color":"","background-image":"","background-repeat":"repeat","background-position":"center center","background-size":"auto","background-attachment":"scroll","background-type":"","background-media":"","overlay-type":"","overlay-color":"","overlay-opacity":"","overlay-gradient":""}},"ast-content-background-meta":{"desktop":{"background-color":"var(--ast-global-color-5)","background-image":"","background-repeat":"repeat","background-position":"center center","background-size":"auto","background-attachment":"scroll","background-type":"","background-media":"","overlay-type":"","overlay-color":"","overlay-opacity":"","overlay-gradient":""},"tablet":{"background-color":"var(--ast-global-color-5)","background-image":"","background-repeat":"repeat","background-position":"center center","background-size":"auto","background-attachment":"scroll","background-type":"","background-media":"","overlay-type":"","overlay-color":"","overlay-opacity":"","overlay-gradient":""},"mobile":{"background-color":"var(--ast-global-color-5)","background-image":"","background-repeat":"repeat","background-position":"center center","background-size":"auto","background-attachment":"scroll","background-type":"","background-media":"","overlay-type":"","overlay-color":"","overlay-opacity":"","overlay-gradient":""}},"footnotes":""},"class_list":["post-1301","page","type-page","status-publish","hentry"],"uagb_featured_image_src":{"full":false,"thumbnail":false,"medium":false,"medium_large":false,"large":false,"1536x1536":false,"2048x2048":false},"uagb_author_info":{"display_name":"akinhairtransplant.com","author_link":"https:\/\/akinhairtransplant.com\/?author=1"},"uagb_comment_info":0,"uagb_excerpt":"Afro Sa\u00e7 Ekimi Afro Sa\u00e7 Ekimi Sac\u0327 do\u0308ku\u0308lmesi kad\u0131n erkek herkesin istemeyeceg\u0306i bir sorundur. Gu\u0308nu\u0308mu\u0308z teknolojisi ile sac\u0327 do\u0308ku\u0308lmesinin kal\u0131c\u0131 c\u0327o\u0308zu\u0308mlerle sonland\u0131r\u0131ld\u0131g\u0306\u0131 bu\u0308yu\u0308k bir gerc\u0327ektir. Afro sac\u0327 ekimi dig\u0306er sac\u0327 ekimi operasyonlar\u0131ndan biraz farkl\u0131d\u0131r. Afro sac\u0327, s\u0131k\u0131 bukleleri temsil eder ve bilinen Asya ve Kafkas sac\u0327 tipiyle hic\u0327bir ilgisi yoktur. Dolay\u0131s\u0131yla bu sac\u0327 tipi dig\u0306er&hellip;","_links":{"self":[{"href":"https:\/\/akinhairtransplant.com\/index.php?rest_route=\/wp\/v2\/pages\/1301","targetHints":{"allow":["GET"]}}],"collection":[{"href":"https:\/\/akinhairtransplant.com\/index.php?rest_route=\/wp\/v2\/pages"}],"about":[{"href":"https:\/\/akinhairtransplant.com\/index.php?rest_route=\/wp\/v2\/types\/page"}],"author":[{"embeddable":true,"href":"https:\/\/akinhairtransplant.com\/index.php?rest_route=\/wp\/v2\/users\/1"}],"replies":[{"embeddable":true,"href":"https:\/\/akinhairtransplant.com\/index.php?rest_route=%2Fwp%2Fv2%2Fcomments&post=1301"}],"version-history":[{"count":34,"href":"https:\/\/akinhairtransplant.com\/index.php?rest_route=\/wp\/v2\/pages\/1301\/revisions"}],"predecessor-version":[{"id":1356,"href":"https:\/\/akinhairtransplant.com\/index.php?rest_route=\/wp\/v2\/pages\/1301\/revisions\/1356"}],"wp:attachment":[{"href":"https:\/\/akinhairtransplant.com\/index.php?rest_route=%2Fwp%2Fv2%2Fmedia&parent=1301"}],"curies":[{"name":"wp","href":"https:\/\/api.w.org\/{rel}","templated":true}]}}